{"id":40462,"date":"2024-04-23T14:11:24","date_gmt":"2024-04-23T14:11:24","guid":{"rendered":"https:\/\/evotek.md\/?post_type=product&#038;p=40462"},"modified":"2024-07-17T06:29:50","modified_gmt":"2024-07-17T06:29:50","slug":"40752103p","status":"publish","type":"product","link":"https:\/\/evotek.md\/ro\/produse\/echipamente-electromecanice\/feliatoare-legume-si-cutite-feliatoare\/feliatoare-legume\/40752103p\/","title":{"rendered":"FELIATOR DE LEGUME 300 kg\/h, 400V -SIRMAN-40752103P"},"content":{"rendered":"<p><strong>FELIATOR DE LEGUME 300 kg\/h, 400V -SIRMAN-40752103P<\/strong><\/p>\n<p>Model de t\u0103ietor de legume mozzarella TM Inox:<br \/>\n&#8211; Fabricat din aliaj de aluminiu si otel inoxidabil<br \/>\n&#8211; Motor ventilat pentru utilizare continua.<br \/>\n&#8211; Design extrem de compact pentru o mai buna gestionare a spatiului in bucatarie.<br \/>\n&#8211; Sistemul exclusiv de eliminare direct\u0103 a produsului permite procesarea chiar \u0219i a produselor moi \u0219i delicate, cum ar fi mozzarella \u0219i alte br\u00e2nzeturi.<br \/>\n&#8211; Siguran\u021ba este garantat\u0103 de trei micro\u00eentrerup\u0103toare: pe p\u00e2rghie, capac \u0219i bol.<br \/>\n&#8211; Exist\u0103 o tav\u0103 pentru colectarea feliilor cu lac\u0103t.<br \/>\n&#8211; Disponibil cu un capac din o\u021bel inoxidabil care poate fi sp\u0103lat in masina de spalat vase.<br \/>\n&#8211; Disponibilitate larg\u0103 de discuri pentru toate aplica\u021biile.<\/p>\n<p>DISCURILE NU SUNT INCLUSE IN SET<\/p>\n<p>Caracteristici<br \/>\nTensiune: 400 V<br \/>\nPutere electrica: 0,515 kW<br \/>\nLungime: 255 mm<br \/>\nLatime: 280 mm<br \/>\nInaltime: 510 mm<br \/>\nGreutate neta: 17,5 kg<\/p>\n","protected":false},"excerpt":{"rendered":"<p>Feliator de legume. Tensiune: 400 V; Putere electrica: 0,515 kW; Lungime: 255 mm; Latime: 280 mm; Inaltime: 510 mm; Greutate neta: 17,5 kg; DISCURILE NU SUNT INCLUSE IN SET; Producator: SIRMAN, Italy.<\/p>\n","protected":false},"featured_media":35429,"template":"","meta":[],"_links":{"self":[{"href":"https:\/\/evotek.md\/ro\/wp-json\/wp\/v2\/product\/40462"}],"collection":[{"href":"https:\/\/evotek.md\/ro\/wp-json\/wp\/v2\/product"}],"about":[{"href":"https:\/\/evotek.md\/ro\/wp-json\/wp\/v2\/types\/product"}],"wp:featuredmedia":[{"embeddable":true,"href":"https:\/\/evotek.md\/ro\/wp-json\/wp\/v2\/media\/35429"}],"wp:attachment":[{"href":"https:\/\/evotek.md\/ro\/wp-json\/wp\/v2\/media?parent=40462"}],"curies":[{"name":"wp","href":"https:\/\/api.w.org\/{rel}","templated":true}]}}