{"id":40457,"date":"2024-04-23T08:33:34","date_gmt":"2024-04-23T08:33:34","guid":{"rendered":"https:\/\/evotek.md\/?post_type=product&#038;p=40457"},"modified":"2024-04-23T08:34:52","modified_gmt":"2024-04-23T08:34:52","slug":"udd-560-bk","status":"publish","type":"product","link":"https:\/\/evotek.md\/ro\/produse\/echipamente-frigorifice\/lada-frigorifica-pentru-congelare\/udd-560-bk\/","title":{"rendered":"LADA FRIGORIFICA PENTRU CONGELARE, USA OARBA 466 LITRI UGUR -UDD 560 BK"},"content":{"rendered":"<p><strong>LADA FRIGORIFICA PENTRU CONGELARE, USA OARBA 466 LITRI UGUR -UDD 560 BK<\/strong><br \/>\nCaracteristici<br \/>\nClasa climatica: 4+<br \/>\nConsum de energie: 2,16 kW\/24h<br \/>\nInterval de func\u021bionare: -15\u2026-25 \u0421\u00b0<br \/>\nSursa de alimentare: 220-240\/50V\/Hz<br \/>\nAgent frigorific: R600a<br \/>\nVolum (net\/brut): 466\/560 l<br \/>\nGreutate (net\/brut): 61\/66 kg<br \/>\nDimensiuni interioare (LxPxA): 1380x480x725 mm<br \/>\nDimensiuni exterioare (LxPxA): 1504x695x945 mm<br \/>\nDimensiuni exterioare ale pachetului (LxPxH): 1540x700x960 mm<br \/>\nPute\u021bi ad\u0103uga p\u00e2n\u0103 la 5 co\u0219uri<br \/>\n*Cosurile nu sunt incluse<\/p>\n","protected":false},"excerpt":{"rendered":"<p>Lad\u0103 frigorific\u0103 pentru congelare. Lad\u0103 frigorific\u0103 pentru congelare. Clasa climatica: 4+; Consum de energie: 2,16 kW\/24h; Interval de func\u021bionare: -15\u2026-25 \u0421\u00b0; Sursa de alimentare: 220-240\/50V\/Hz; Agent frigorific: R600a; Volum (net\/brut): 466\/560 l; Greutate (net\/brut): 61\/66 kg; Dimensiuni interioare (LxPxA): 1380x480x725 mm; Dimensiuni exterioare (LxPxA): 1504x695x945 mm; Dimensiuni exterioare ale pachetului (LxPxH): 1540x700x960 mm; Pute\u021bi ad\u0103uga p\u00e2n\u0103 la 5 co\u0219uri; *Cosurile nu sunt incluse<\/p>\n","protected":false},"featured_media":37714,"template":"","meta":[],"_links":{"self":[{"href":"https:\/\/evotek.md\/ro\/wp-json\/wp\/v2\/product\/40457"}],"collection":[{"href":"https:\/\/evotek.md\/ro\/wp-json\/wp\/v2\/product"}],"about":[{"href":"https:\/\/evotek.md\/ro\/wp-json\/wp\/v2\/types\/product"}],"wp:featuredmedia":[{"embeddable":true,"href":"https:\/\/evotek.md\/ro\/wp-json\/wp\/v2\/media\/37714"}],"wp:attachment":[{"href":"https:\/\/evotek.md\/ro\/wp-json\/wp\/v2\/media?parent=40457"}],"curies":[{"name":"wp","href":"https:\/\/api.w.org\/{rel}","templated":true}]}}