{"id":40416,"date":"2024-04-19T09:49:14","date_gmt":"2024-04-19T09:49:14","guid":{"rendered":"https:\/\/evotek.md\/?post_type=product&#038;p=40416"},"modified":"2024-04-19T10:06:23","modified_gmt":"2024-04-19T10:06:23","slug":"press-pentru-hamburger-sirman-multipatty","status":"publish","type":"product","link":"https:\/\/evotek.md\/ro\/produse\/echipamente-electromecanice\/masina-de-presat-carne-pentru-hamburger\/press-pentru-hamburger-sirman-multipatty\/","title":{"rendered":"PRESS PENTRU HAMBURGER -SIRMAN-MULTIPATTY"},"content":{"rendered":"<p><strong>PRESS PENTRU HAMBURGER -SIRMAN-MULTIPATTY<\/strong><\/p>\n<p>&#8211; Fabricat din aluminiu anodizat si otel inoxidabil<br \/>\n&#8211; Matrite autocentrante (sistem patentat) pentru conectarea perfecta a matritei cu tamponul<br \/>\n&#8211; Ma\u0219ina se vinde f\u0103r\u0103 matri\u021be; v\u0103 permite s\u0103 selecta\u021bi separat formularele dorite<br \/>\n&#8211; Disponibil disponibile \u00d8 mm 100, 130, 150, 180.<br \/>\n&#8211; Sistem automat de ridicare a hamburgerului pentru \u00eendep\u0103rtarea u\u0219oar\u0103 a pieselor<\/p>\n<p>Caracteristici<br \/>\nDimensiuni: \u00cenxL\u0103xAd 404x297x369 mm<br \/>\nMaterial: aluminiu anodizat<br \/>\nGreutate: 7,5 kg<br \/>\nFormele se v\u00e2nd separat: \u00d8100, 130, 150 \u0219i 180 mm<\/p>\n<p>&nbsp;<\/p>\n","protected":false},"excerpt":{"rendered":"<p>Pres\u0103 pentru hamburger. Dimensiuni: \u00cenxL\u0103xAd 404x297x369 mm; Material: aluminiu anodizat; Greutate: 7,5 kg; Formele se v\u00e2nd separat: \u00d8100, 130, 150 \u0219i 180 mm.<\/p>\n","protected":false},"featured_media":40430,"template":"","meta":[],"_links":{"self":[{"href":"https:\/\/evotek.md\/ro\/wp-json\/wp\/v2\/product\/40416"}],"collection":[{"href":"https:\/\/evotek.md\/ro\/wp-json\/wp\/v2\/product"}],"about":[{"href":"https:\/\/evotek.md\/ro\/wp-json\/wp\/v2\/types\/product"}],"wp:featuredmedia":[{"embeddable":true,"href":"https:\/\/evotek.md\/ro\/wp-json\/wp\/v2\/media\/40430"}],"wp:attachment":[{"href":"https:\/\/evotek.md\/ro\/wp-json\/wp\/v2\/media?parent=40416"}],"curies":[{"name":"wp","href":"https:\/\/api.w.org\/{rel}","templated":true}]}}