{"id":40389,"date":"2024-04-16T09:36:34","date_gmt":"2024-04-16T09:36:34","guid":{"rendered":"https:\/\/evotek.md\/?post_type=product&#038;p=40389"},"modified":"2025-09-24T08:36:44","modified_gmt":"2025-09-24T08:36:44","slug":"klp-44-72","status":"publish","type":"product","link":"https:\/\/evotek.md\/ro\/produse\/echipamente-termice\/cuptoare-pentru-pizza-cuptoare\/klp-44-72\/","title":{"rendered":"CUPTOR ELECTRIC PENTRU PIZZA 4+4 PIZZA \u00d8340 mm -MEC-KLP44\/72"},"content":{"rendered":"<p><strong>CUPTOR ELECTRIC PENTRU PIZZA 4+4 PIZZA \u00d8340 mm -MEC-KLP 44\/72-<\/strong>\u00a0se foloseste in catering si comert pentru coacerea pizza sau paine.<\/p>\n<p><strong>Particularitati:<\/strong><br \/>\nStructur\u0103 din o\u021bel inoxidabil<br \/>\nLumina interioar\u0103<br \/>\nSenzor de temperatur\u0103 pe fiecare camer\u0103 de coacere<br \/>\nSuprafa\u021b\u0103 de copt refractar\u0103 de calitate alimentar\u0103<br \/>\n2 termostate per camera de coacere<br \/>\nElemente de \u00eenc\u0103lzire blindate<\/p>\n<p>Caracteristici<br \/>\nTip echipament: electric<br \/>\nTip de control: mecanic<br \/>\nCapacitate pizza: 8<br \/>\nNumarul de camere: 2<br \/>\nTemperatura maxim\u0103 de lucru: 500 \u00b0C<br \/>\nPutere: 12 kw<br \/>\nGreutate: 165 kg<br \/>\nDimensiuni exterioare: 1010x850x750h mm<br \/>\nDimensiuni interioare: 720x720x140h mm<\/p>\n","protected":false},"excerpt":{"rendered":"<p>Cuptor electric pentru pizza.Tip echipament: electric; Tip de control: mecanic; Capacitate pizza: 8; Numarul de camere: 2; Temperatura maxim\u0103 de lucru: 500 \u00b0C; Putere: 12 kw; Greutate: 165 kg; Dimensiuni exterioare: 1010x850x750h mm; Dimensiuni interioare: 720x720x140h mm.<\/p>\n","protected":false},"featured_media":30853,"template":"","meta":[],"_links":{"self":[{"href":"https:\/\/evotek.md\/ro\/wp-json\/wp\/v2\/product\/40389"}],"collection":[{"href":"https:\/\/evotek.md\/ro\/wp-json\/wp\/v2\/product"}],"about":[{"href":"https:\/\/evotek.md\/ro\/wp-json\/wp\/v2\/types\/product"}],"wp:featuredmedia":[{"embeddable":true,"href":"https:\/\/evotek.md\/ro\/wp-json\/wp\/v2\/media\/30853"}],"wp:attachment":[{"href":"https:\/\/evotek.md\/ro\/wp-json\/wp\/v2\/media?parent=40389"}],"curies":[{"name":"wp","href":"https:\/\/api.w.org\/{rel}","templated":true}]}}