{"id":40366,"date":"2024-04-12T10:59:59","date_gmt":"2024-04-12T11:00:00","guid":{"rendered":"https:\/\/evotek.md\/?post_type=product&#038;p=40366"},"modified":"2024-04-12T11:05:22","modified_gmt":"2024-04-12T11:05:22","slug":"schneider-255350","status":"publish","type":"product","link":"https:\/\/evotek.md\/ro\/produse\/echipamente-pentru-bar-si-cafea\/fantani-de-ciocolata-si-vin-2\/schneider-255350\/","title":{"rendered":"FANTANA DE CIOCOLATA, 800 mm, 215 W -SCHNEIDER-255350"},"content":{"rendered":"<p><strong>FANTANA DE CIOCOLATA, 800 mm, 215 W -SCHNEIDER-255350- <\/strong>Aparat pentru f\u00e2nt\u00e2n\u0103 de ciocolat\u0103 va decora fiecare mas\u0103 de s\u0103rb\u0103tori. F\u00e2nt\u00e2na este destinat\u0103 servirii de ciocolat\u0103 la banchete, recep\u021bii, zile de na\u0219tere \u0219i petreceri pentru copii. Folosind f\u00e2nt\u00e2na, pute\u021bi crea deserturi delicioase din fructe \u0219i mult\u0103 de ciocolat\u0103. Designul \u00eenc\u0103lzit este realizat din iox.<\/p>\n<p>Caracterisici<br \/>\nGreutate: 9,1 kg<br \/>\nDimensiuni (LxAxA): 600x310x800 mm<br \/>\nTemperatura reglabila<br \/>\nProiectat pentru func\u021bionare continu\u0103<br \/>\nMaterial: otel inoxidabil<br \/>\nInaltime produs: 800 mm<br \/>\nTemperatura reglabila 0\u201380 \u00b0C<br \/>\nTensiune: 240 V, 50\/60 Hz<\/p>\n","protected":false},"excerpt":{"rendered":"<p>F\u00e2nt\u00e2n\u0103 de ciocolat\u0103. Greutate: 9,1 kg; Dimensiuni (LxAxA): 600x310x800 mm; Temperatura reglabila; Proiectat pentru func\u021bionare continu\u0103; Material: otel inoxidabil; Inaltime produs: 800 mm; Temperatura reglabila 0\u201380 \u00b0C; Tensiune: 240 V, 50\/60 Hz.<\/p>\n","protected":false},"featured_media":40369,"template":"","meta":[],"_links":{"self":[{"href":"https:\/\/evotek.md\/ro\/wp-json\/wp\/v2\/product\/40366"}],"collection":[{"href":"https:\/\/evotek.md\/ro\/wp-json\/wp\/v2\/product"}],"about":[{"href":"https:\/\/evotek.md\/ro\/wp-json\/wp\/v2\/types\/product"}],"wp:featuredmedia":[{"embeddable":true,"href":"https:\/\/evotek.md\/ro\/wp-json\/wp\/v2\/media\/40369"}],"wp:attachment":[{"href":"https:\/\/evotek.md\/ro\/wp-json\/wp\/v2\/media?parent=40366"}],"curies":[{"name":"wp","href":"https:\/\/api.w.org\/{rel}","templated":true}]}}