{"id":40351,"date":"2024-04-09T13:01:52","date_gmt":"2024-04-09T13:05:33","guid":{"rendered":"https:\/\/evotek.md\/?post_type=product&#038;p=40351"},"modified":"2024-04-09T13:06:04","modified_gmt":"2024-04-09T13:06:04","slug":"c-e653","status":"publish","type":"product","link":"https:\/\/evotek.md\/ro\/produse\/fara-categorie\/c-e653\/","title":{"rendered":"MASINA AUTOMATA PENTRU HAMBURGERI 23 LITRI, \u00d8120 mm -C\/E653"},"content":{"rendered":"<p><strong>MASINA AUTOMATA PENTRU HAMBURGERI 23 LITRI, \u00d8120 mm -C\/E653<\/strong><br \/>\nEi produc hamburgeri, medalioane, chiftele, fripturi \u0219i produse de specialitate. Se pot umple cu carne tocat\u0103 ro\u0219ie sau alb\u0103, \u0219i pute\u021bi folosi \u0219i alte ingrediente: legume, unt, br\u00e2nz\u0103, pesmet&#8230;<\/p>\n<p>Performan\u021b\u0103 ridicat\u0103, universal\u0103, sigur\u0103, fiabil\u0103, compact\u0103, u\u0219or de \u00eentre\u021binut. Proiectat pentru supermarketuri, hipermarketuri, unit\u0103\u021bi de catering, magazine de carne, fabrici de ambalare a alimentelor \u0219i industria alimentar\u0103.<\/p>\n<p>Caracteristici<br \/>\nCapacitate bunc\u0103r: 23 litri<br \/>\nProductivitate: 2100 buc\/h<br \/>\nMotor trifazat: 0,75 (1) kW (CP)<br \/>\nMotor monofazat: 0,65 (0,9) kW (CP)<br \/>\nForme: 120 \u00f8 mm<br \/>\nGreutate neta: 50 kg<\/p>\n","protected":false},"excerpt":{"rendered":"<p>Masina automata pentru hamburgeri. Capacitate bunc\u0103r: 23 litri; Productivitate: 2100 buc\/h; Motor trifazat: 0,75 (1) kW (CP); Motor monofazat: 0,65 (0,9) kW (CP); Diametru formei:\u00d8120 mm; Greutate neta: 50 kg<\/p>\n","protected":false},"featured_media":40350,"template":"","meta":[],"_links":{"self":[{"href":"https:\/\/evotek.md\/ro\/wp-json\/wp\/v2\/product\/40351"}],"collection":[{"href":"https:\/\/evotek.md\/ro\/wp-json\/wp\/v2\/product"}],"about":[{"href":"https:\/\/evotek.md\/ro\/wp-json\/wp\/v2\/types\/product"}],"wp:featuredmedia":[{"embeddable":true,"href":"https:\/\/evotek.md\/ro\/wp-json\/wp\/v2\/media\/40350"}],"wp:attachment":[{"href":"https:\/\/evotek.md\/ro\/wp-json\/wp\/v2\/media?parent=40351"}],"curies":[{"name":"wp","href":"https:\/\/api.w.org\/{rel}","templated":true}]}}