{"id":40340,"date":"2024-03-29T15:00:20","date_gmt":"2024-03-29T15:00:20","guid":{"rendered":"https:\/\/evotek.md\/?post_type=product&#038;p=40340"},"modified":"2024-03-29T15:02:40","modified_gmt":"2024-03-29T15:02:40","slug":"ibt55-man","status":"publish","type":"product","link":"https:\/\/evotek.md\/ro\/produse\/echipamente-electromecanice\/mixer-aluat\/ibt55-man\/","title":{"rendered":"MALAXOR CU DOUA BRATE, 80 LITRI -MACPAN-IBT55 MAN"},"content":{"rendered":"<p><strong>MALAXOR CU DOUA BRATE, 80 LITRI -MACPAN-IBT55 MAN<\/strong><br \/>\nManerele sunt realizate din otel inoxidabil monobloc.<br \/>\n\u2022 Ro\u0163i din\u0163ate din font\u0103 sferoid\u0103, scufundate \u00eentr-o baie de ulei.<br \/>\n\u2022 Transmisie de transmisie cu scripete \u0219i curele trapezoidale.<br \/>\n\u2022 Ma\u0219in\u0103 cu 2 viteze (40 \u0219i 60 b\u0103t\u0103i pe minut).<br \/>\n\u2022 Ma\u0219in\u0103 cu vitez\u0103 variabil\u0103 (invertor de la 25 la 75 de b\u0103t\u0103i pe minut)<br \/>\n\u2022 Tastatur\u0103 digital\u0103 programabil\u0103<br \/>\n\u2022 Rotirea cu puls a bolului<br \/>\n\u2022 Sistem de conectare\/deconectare rapid\u0103 pentru carter<br \/>\n\u2022 Cur\u0103\u021bare rapid\u0103 \u0219i u\u0219oar\u0103<br \/>\n\u2022 Amortizor hidraulic pentru prevenirea accidentelor (LA CERERE)<br \/>\n\u2022 Ma\u0219in\u0103 din o\u021bel inoxidabil (LA CERERE)<\/p>\n<p>Caracteristici<br \/>\nCapacitate aluat (min\/amax): 5\/56<br \/>\nCapacitate faina (min\/max): 3\/35<br \/>\nCapacitate apa (min\/amax): 2\/21<br \/>\nVolumul bolului: 80 litri<br \/>\nAp\u0103\/f\u0103in\u0103 min: 60%<br \/>\nDimensiuni: 70x98x150 mm<br \/>\nDiametru bol: \u00d855 cm<br \/>\nGreutate: 325 Kg<br \/>\nConsum de energie: 2,2 Kw<\/p>\n","protected":false},"excerpt":{"rendered":"<p>Malaxor cu un volum de 80 litri. Capacitate aluat (min\/amax): 5\/56; Capacitate faina (min\/max): 3\/35; Capacitate apa (min\/amax): 2\/21; Volumul bolului: 80 litri; Ap\u0103\/f\u0103in\u0103 min: 60%; Dimensiuni: 70x98x150 mm; Diametru bol: \u00d855 cm; Greutate: 325 Kg; Consum de energie: 2,2 Kw.<\/p>\n<p>&nbsp;<\/p>\n","protected":false},"featured_media":40338,"template":"","meta":[],"_links":{"self":[{"href":"https:\/\/evotek.md\/ro\/wp-json\/wp\/v2\/product\/40340"}],"collection":[{"href":"https:\/\/evotek.md\/ro\/wp-json\/wp\/v2\/product"}],"about":[{"href":"https:\/\/evotek.md\/ro\/wp-json\/wp\/v2\/types\/product"}],"wp:featuredmedia":[{"embeddable":true,"href":"https:\/\/evotek.md\/ro\/wp-json\/wp\/v2\/media\/40338"}],"wp:attachment":[{"href":"https:\/\/evotek.md\/ro\/wp-json\/wp\/v2\/media?parent=40340"}],"curies":[{"name":"wp","href":"https:\/\/api.w.org\/{rel}","templated":true}]}}