{"id":40332,"date":"2024-03-29T14:12:27","date_gmt":"2024-03-29T14:12:27","guid":{"rendered":"https:\/\/evotek.md\/?post_type=product&#038;p=40332"},"modified":"2025-06-13T13:48:20","modified_gmt":"2025-06-13T13:48:20","slug":"malaxor-cu-doua-brate-81-litri-domino-tuff-55","status":"publish","type":"product","link":"https:\/\/evotek.md\/ro\/produse\/echipamente-electromecanice\/mixer-aluat\/malaxor-cu-doua-brate-81-litri-domino-tuff-55\/","title":{"rendered":"MALAXOR CU DOUA BRATE, 81 LITRI -DOMINO-TUFF55"},"content":{"rendered":"<div><strong>MALAXOR CU DOUA BRATE, 81 LITRI -DOMINO-TUFF55<\/strong><br \/>\nMixerele cu dou\u0103 bra\u021be TUFF sunt ma\u0219ini care garanteaz\u0103 calitatea \u00eenalt\u0103 a produsului finit, datorit\u0103 mi\u0219c\u0103rii celor dou\u0103 bra\u021be, care \u00eencorporeaz\u0103 oxigenul \u00een aluat \u0219i reduc la minimum supra\u00eenc\u0103lzirea. Mixerele cu dou\u0103 bra\u021be TUFF dispun de un sistem de operare tradi\u021bional cu motor cu dou\u0103 viteze de fr\u00e2nare automat\u0103 \u0219i vin \u00een capacit\u0103\u021bi de la 46 la 155 kg. (cu modelele TUFF HYDRO de la 45 la 110 kg.) Au cadre din o\u021bel vopsit, bol fix, bol \u0219i bra\u021be din o\u021bel inoxidabil, protec\u021bie AR \u0219i ro\u021bi. Angrenajele sunt \u00een baie de ulei. Arborii de mi\u0219care sunt instala\u021bi pe rulmen\u021bi cu bile. La cerere, mixerul Tuff poate fi furnizat cu unul sau dou\u0103 temporizatoare. Acest mixer vine \u0219i \u00eentr-o gam\u0103 de culori pentru persoanele care doresc s\u0103 combine func\u021bionalitatea maxim\u0103 cu un design inovator \u0219i atr\u0103g\u0103tor.<\/div>\n<div><\/div>\n<div>Caracteristici<br \/>\nStructura din otel vopsit montata pe roti<br \/>\nVas fix din otel inoxidabil<br \/>\nProtectie pentru bol din plastic transparent \u0219i otel<br \/>\nBra\u021be de amestecare din o\u021bel inoxidabil \u0219i partea superioar\u0103 din font\u0103 (un brat reglabil pe inaltime pentru toate modelele)<\/div>\n<div>Capacitate aluat: 57 kg<br \/>\nCapacitate f\u0103in\u0103 (min-max): min. 2, max. 36<br \/>\nVolum bol: 81 lt<br \/>\nDiametru bol: 550 mm<br \/>\nInaltime bol: 342 mm<br \/>\nDimensiuni LaxAdx\u00cen: 65x88x140 cm<br \/>\nGreutate: 299 kg<br \/>\nMod de vitez\u0103: 2<br \/>\nMi\u0219c\u0103ri\/min. (min-max): 40-60<br \/>\nPutere: 1,5\/2,2 kW<\/div>\n","protected":false},"excerpt":{"rendered":"<p>Malaxor cu un volum de 81 litri. Structura din otel vopsit montata pe roti; Vas fix din otel inoxidabil; Protectie pentru bol din plastic transparent \u0219i otel; Bra\u021be de amestecare din o\u021bel inoxidabil \u0219i partea superioar\u0103 din font\u0103 (un brat reglabil pe inaltime pentru toate modelele); Capacitate aluat: 57 kg; Capacitate f\u0103in\u0103 (min-max): min. 2, max. 36; Volum bol: 81 lt; Diametru bol: 550 mm; Inaltime bol: 342 mm; Dimensiuni LaxAdx\u00cen: 65x88x140 cm; Greutate: 299 kg; Mod de vitez\u0103: 2; Mi\u0219c\u0103ri\/min. (min-max): 40-60; Putere: 1,5\/2,2 kW.<\/p>\n<p>&nbsp;<\/p>\n","protected":false},"featured_media":40330,"template":"","meta":[],"_links":{"self":[{"href":"https:\/\/evotek.md\/ro\/wp-json\/wp\/v2\/product\/40332"}],"collection":[{"href":"https:\/\/evotek.md\/ro\/wp-json\/wp\/v2\/product"}],"about":[{"href":"https:\/\/evotek.md\/ro\/wp-json\/wp\/v2\/types\/product"}],"wp:featuredmedia":[{"embeddable":true,"href":"https:\/\/evotek.md\/ro\/wp-json\/wp\/v2\/media\/40330"}],"wp:attachment":[{"href":"https:\/\/evotek.md\/ro\/wp-json\/wp\/v2\/media?parent=40332"}],"curies":[{"name":"wp","href":"https:\/\/api.w.org\/{rel}","templated":true}]}}