{"id":4033,"date":"2020-03-05T13:41:13","date_gmt":"2020-03-05T13:41:13","guid":{"rendered":"https:\/\/evotek.md\/?post_type=product&#038;p=4033"},"modified":"2021-01-25T12:42:24","modified_gmt":"2021-01-25T12:42:24","slug":"bain-marie-cu-robinet-1%d1%851-1-gn-m-09300009","status":"publish","type":"product","link":"https:\/\/evotek.md\/ro\/produse\/echipamente-pentru-fast-food\/marmite-cu-suport-pe-masa-2\/bain-marie-cu-robinet-1%d1%851-1-gn-m-09300009\/","title":{"rendered":"BAIN MARIE CU ROBINET 1\u04451\/1 GN -M-09300009"},"content":{"rendered":"<p><strong>BAIN MARIE CU ROBINET 1\u04451\/1 GN -M-09300009- <\/strong>din inox cu patru picioare de cauciuc, care \u00eempiedic\u0103 alunecarea. Pute\u021bi, de asemenea, s\u0103 \u00eel cur\u0103\u021ba\u021bi u\u0219or, astfel \u00eenc\u00e2t de fiecare dat\u0103 s\u0103 par\u0103 ca nou. Acest aparat are indicatori de temperatur\u0103; Buton de alimentare protejat; Termostat reglabil; Echipat cu robinet de scurgere;<\/p>\n<p>Caracteristici<\/p>\n<p>Dimensiuni: 338x540x248 mm<\/p>\n<p>Capacitate 1&#215;1 \/ 1 GN<\/p>\n<p>Domeniu de temperatur\u0103 de 45 p\u00e2n\u0103 la 90 de grade<\/p>\n<p>Pentru containere GN p\u00e2n\u0103 la 150 (h) mm<\/p>\n<p>Standard, incluz\u00e2nd 1&#215;1 \/ 1 GN cu container \u0219i capac (150 mm)<\/p>\n<p>Greutate net\u0103: 8 kg<\/p>\n<p>Conexiune: 230 V\/ 50 Hz\/ 1 faz 1200 W<\/p>\n<p>&nbsp;<\/p>\n","protected":false},"excerpt":{"rendered":"<p>Bain Marie cu robinet 1\u04451\/1 GN. Dimensiuni: 338x540x248 mm; Capacitate 1&#215;1 \/1 GN; Domeniu de temperatur\u0103 de 45 p\u00e2n\u0103 la 90 de grade; Pentru containere GN p\u00e2n\u0103 la 150 (h) mm; Standard, incluz\u00e2nd 1&#215;1 \/ 1 GN cu container \u0219i capac (150 mm); Greutate net\u0103: 8 kg; Conexiune: 230 V\/ 50 Hz\/ 1 faz 1200 W.<\/p>\n","protected":false},"featured_media":4026,"template":"","meta":[],"_links":{"self":[{"href":"https:\/\/evotek.md\/ro\/wp-json\/wp\/v2\/product\/4033"}],"collection":[{"href":"https:\/\/evotek.md\/ro\/wp-json\/wp\/v2\/product"}],"about":[{"href":"https:\/\/evotek.md\/ro\/wp-json\/wp\/v2\/types\/product"}],"wp:featuredmedia":[{"embeddable":true,"href":"https:\/\/evotek.md\/ro\/wp-json\/wp\/v2\/media\/4026"}],"wp:attachment":[{"href":"https:\/\/evotek.md\/ro\/wp-json\/wp\/v2\/media?parent=4033"}],"curies":[{"name":"wp","href":"https:\/\/api.w.org\/{rel}","templated":true}]}}