{"id":40295,"date":"2024-03-25T11:16:55","date_gmt":"2024-03-25T11:16:55","guid":{"rendered":"https:\/\/evotek.md\/?post_type=product&#038;p=40295"},"modified":"2024-03-25T11:38:21","modified_gmt":"2024-03-25T11:38:21","slug":"ak943-4d","status":"publish","type":"product","link":"https:\/\/evotek.md\/ro\/produse\/echipamente-frigorifice\/masa-frigider\/ak943-4d\/","title":{"rendered":"MASA FRIGORIFICA 1 USA, 4 SERTARE 368 LITRI -AK943-4D"},"content":{"rendered":"<p><strong>MASA FRIGORIFICA 1 USA, 4 SERTARE 368 LITRI -AK943-4D<\/strong>&#8211; Mas\u0103 frigorific\u0103 cu structur\u0103 interioar\u0103 \u0219i exterioar\u0103 din o\u021bel inoxidabil.<\/p>\n<p>Caracteristici<br \/>\nClasa energetica: E (2015\/1094\/UE)<br \/>\nClasa climatica: 4<br \/>\nPutere: 280 wa\u021bi<br \/>\nAlimentare: 230\/1H\/50<br \/>\nInterval de temperatur\u0103: +2 \u00f7 +8 \u00b0\u0421<br \/>\nTip de agent frigorific: R290<br \/>\nTemperatura\/umiditate maxima: +33 \u00b0C \/ 60% umiditate relativa<br \/>\nDimensiuni: 1365x700x850h mm<br \/>\nDimensiuni interioare: 1295x595x500h mm<br \/>\nCapacitate de depozitare: 368 litri<br \/>\nNumar rafturi: 1 x GN1\/1<br \/>\nGreutate neta: 119 kg<br \/>\nGreutate totala: 133,5 kg<br \/>\nDimensiuni ambalaj: 139x73x103h mm<\/p>\n","protected":false},"excerpt":{"rendered":"<p>Mas\u0103 frigorific\u0103 cu capacitatea de 368 litri. Clasa energetica: E (2015\/1094\/UE); Clasa climatica: 4; Putere: 280 wa\u021bi; Alimentare: 230\/1H\/50; Interval de temperatur\u0103: +2 \u00f7 +8 \u00b0\u0421; Tip de agent frigorific: R290; Temperatura\/umiditate maxima: +33 \u00b0C \/ 60% umiditate relativa; Dimensiuni: 1365x700x850h mm; Dimensiuni interioare: 1295x595x500h mm; Capacitate de depozitare: 368 litri; Numar rafturi: 1 x GN1\/1; Greutate neta: 119 kg; Greutate totala: 133,5 kg; Dimensiuni ambalaj: 139x73x103h mm.<\/p>\n","protected":false},"featured_media":40301,"template":"","meta":[],"_links":{"self":[{"href":"https:\/\/evotek.md\/ro\/wp-json\/wp\/v2\/product\/40295"}],"collection":[{"href":"https:\/\/evotek.md\/ro\/wp-json\/wp\/v2\/product"}],"about":[{"href":"https:\/\/evotek.md\/ro\/wp-json\/wp\/v2\/types\/product"}],"wp:featuredmedia":[{"embeddable":true,"href":"https:\/\/evotek.md\/ro\/wp-json\/wp\/v2\/media\/40301"}],"wp:attachment":[{"href":"https:\/\/evotek.md\/ro\/wp-json\/wp\/v2\/media?parent=40295"}],"curies":[{"name":"wp","href":"https:\/\/api.w.org\/{rel}","templated":true}]}}