{"id":40283,"date":"2024-03-19T15:07:33","date_gmt":"2024-03-19T15:10:53","guid":{"rendered":"https:\/\/evotek.md\/?post_type=product&#038;p=40283"},"modified":"2024-03-19T15:11:56","modified_gmt":"2024-03-19T15:11:56","slug":"emp-mob-0","status":"publish","type":"product","link":"https:\/\/evotek.md\/ro\/produse\/fara-categorie\/emp-mob-0\/","title":{"rendered":"CUTIE TERMICA PENTRU TRANSPORTARE PIZZA, 70 LITRI -EMP.MOB-0"},"content":{"rendered":"<p><strong>CUTIE TERMICA PENTRU TRANSPORTARE PIZZA, 70 LITRI -EMP.MOB-0<br \/>\n<\/strong><br \/>\nCaracteristici<br \/>\nDimensiuni interioare: 460x490x360 mm<br \/>\nDimensiuni exterioare: 560x615x415 mm<br \/>\nGreutate: 7,2 (\u00b1 200 gr)<br \/>\nCapacitate: 70 l<br \/>\n\u00cenc\u0103rcare frontal\u0103<br \/>\nCu balamale<\/p>\n","protected":false},"excerpt":{"rendered":"<p>Dimensiuni interioare: 460x490x360 mm; Dimensiuni exterioare: 560x615x415 mm; Greutate: 7,2 (\u00b1 200 gr); Capacitate: 70 l; \u00cenc\u0103rcare frontal\u0103; Cu balamale.<\/p>\n","protected":false},"featured_media":40282,"template":"","meta":[],"_links":{"self":[{"href":"https:\/\/evotek.md\/ro\/wp-json\/wp\/v2\/product\/40283"}],"collection":[{"href":"https:\/\/evotek.md\/ro\/wp-json\/wp\/v2\/product"}],"about":[{"href":"https:\/\/evotek.md\/ro\/wp-json\/wp\/v2\/types\/product"}],"wp:featuredmedia":[{"embeddable":true,"href":"https:\/\/evotek.md\/ro\/wp-json\/wp\/v2\/media\/40282"}],"wp:attachment":[{"href":"https:\/\/evotek.md\/ro\/wp-json\/wp\/v2\/media?parent=40283"}],"curies":[{"name":"wp","href":"https:\/\/api.w.org\/{rel}","templated":true}]}}