{"id":40243,"date":"2024-03-19T08:26:36","date_gmt":"2024-03-19T08:26:36","guid":{"rendered":"https:\/\/evotek.md\/?post_type=product&#038;p=40243"},"modified":"2024-03-19T14:23:39","modified_gmt":"2024-03-19T14:23:39","slug":"brema-bin200","status":"publish","type":"product","link":"https:\/\/evotek.md\/ro\/produse\/echipamente-frigorifice\/masina-de-produs-gheata\/brema-bin200\/","title":{"rendered":"RECIPIENT PENTRU GHEATA 200 kg -BREMA-BIN200"},"content":{"rendered":"<p><strong>RECIPIENT PENTRU GHEATA 200 kg -BREMA-BIN200-<\/strong> Recipient pentru ghea\u021b\u0103 Brema BIN 200 este utilizat \u00een hoteluri, catering \u0219i unit\u0103\u021bi de v\u00e2nzare cu am\u0103nuntul \u00eempreun\u0103 cu generatoarele de ghea\u021b\u0103 din seriile G 160, 280 \u0219i 510.<\/p>\n<p>Carcasa este realizata din o\u021bel inoxidabil 18\/8 cu finisaj Scotch Brite.<\/p>\n<p>Caracteristici<br \/>\nCapacitate: 200 kg<br \/>\nDimensiuni: 870x790x1000 mm<br \/>\nDimensiuni cu ambalaj: 920x840x1210 mm<br \/>\nGreutate: 74 kg<br \/>\nGreutate cu ambalaj: 93 kg<\/p>\n","protected":false},"excerpt":{"rendered":"<p>Recipient pentru ghea\u021b\u0103. Capacitate: 200 kg; Dimensiuni: 870x790x1000 mm; Dimensiuni cu ambalaj: 920x840x1210 mm; Greutate: 74 kg; Greutate cu ambalaj: 93 kg.<\/p>\n","protected":false},"featured_media":40246,"template":"","meta":[],"_links":{"self":[{"href":"https:\/\/evotek.md\/ro\/wp-json\/wp\/v2\/product\/40243"}],"collection":[{"href":"https:\/\/evotek.md\/ro\/wp-json\/wp\/v2\/product"}],"about":[{"href":"https:\/\/evotek.md\/ro\/wp-json\/wp\/v2\/types\/product"}],"wp:featuredmedia":[{"embeddable":true,"href":"https:\/\/evotek.md\/ro\/wp-json\/wp\/v2\/media\/40246"}],"wp:attachment":[{"href":"https:\/\/evotek.md\/ro\/wp-json\/wp\/v2\/media?parent=40243"}],"curies":[{"name":"wp","href":"https:\/\/api.w.org\/{rel}","templated":true}]}}