{"id":40236,"date":"2024-03-19T08:05:36","date_gmt":"2024-03-19T08:05:36","guid":{"rendered":"https:\/\/evotek.md\/?post_type=product&#038;p=40236"},"modified":"2024-03-19T14:24:44","modified_gmt":"2024-03-19T14:24:44","slug":"brema-vm900a","status":"publish","type":"product","link":"https:\/\/evotek.md\/ro\/produse\/echipamente-frigorifice\/masina-de-produs-gheata\/brema-vm900a\/","title":{"rendered":"MASINA DE PRODUS GHEATA 400 kg\/24 ore -BREMA-VM900A"},"content":{"rendered":"<p><strong>MASINA DE PRODUS GHEATA 400 kg\/24 ore -BREMA-VM900A<\/strong><\/p>\n<p>Generatorul de ghea\u021b\u0103 Brema VM 900 A este proiectat pentru producerea de ghea\u021b\u0103 cubic\u0103 sub form\u0103 de piramid\u0103, care este utilizat\u0103 pentru r\u0103cirea b\u0103uturilor \u0219i cocktail-urilor, precum \u0219i pentru servirea \u0219ampaniei, vinului \u0219i m\u00e2nc\u0103rurilor \u00een restaurante, cafenele \u0219i baruri.<\/p>\n<p>Capacitate aparat de ghea\u021b\u0103 400 kg pe zi. Tip de r\u0103cire &#8211; aer, care asigur\u0103 o func\u021bionare stabil\u0103 cu o calitate sc\u0103zut\u0103 a apei \u0219i un consum mai economic de ap\u0103.<\/p>\n<p>Control electromecanic, exist\u0103 un comutator ON\/OFF pe carcas\u0103. Echipamentul este echipat cu un filtru de aer u\u0219or de \u00eendep\u0103rtat \u0219i cur\u0103\u021bat, precum \u0219i cu un evaporator vertical fix care garanteaz\u0103 absen\u021ba scurgerilor. \u00cen construc\u021bia generatorului de ghea\u021b\u0103, nu exist\u0103 bunc\u0103r pentru produse gata f\u0103cute, acesta va trebui achizi\u021bionat separat. Men\u021binerea nivelului de ghea\u021b\u0103 \u00een bunc\u0103r \u0219i umplerea dispozitivului cu ap\u0103 se produce automat.<\/p>\n<p>Produsul de ghea\u021b\u0103 necesit\u0103 o racordare la ap\u0103 pentru a func\u021biona. Col\u021burile interne rotunjite ale bunc\u0103rurilor Brema \u0219i ale generatoarelor de ghea\u021b\u0103 faciliteaz\u0103 cur\u0103\u021barea.<\/p>\n<p>Modele de caroserie din o\u021bel inoxidabil cu finisaj Scotch Brite. Generator de gheata realizat din materiale ecologice, certificate de RoHS. Func\u021bioneaz\u0103 cu agent frigorific ecologic R452a.<\/p>\n<p>Caracteristici<br \/>\nGreutatea ghe\u021bii produse: 7 g\/buc.<br \/>\nProductivitate: 400 kg\/zi.<br \/>\nTip de racire: Aer<br \/>\nTip unitate: \u00eencorporat<br \/>\nConexiune la ap\u0103: da<br \/>\nMaterial carcasa otel inoxidabil<br \/>\nPutere: 3000 W<br \/>\nTensiune: 220 V<br \/>\nTara de productie: Italia<br \/>\nLungime: 550 mm<br \/>\nLatime: 770 mm<br \/>\nInaltime: 805 mm<br \/>\nGreutate: 113 kg<\/p>\n","protected":false},"excerpt":{"rendered":"<p>Ma\u0219in\u0103 de produs ghea\u021b\u0103 cu <span style=\"font-size: 14.4px\">productivitatea de 400 kg\/24 ore; Greutatea ghe\u021bii produse: 7 g\/buc.; Productivitate: 400 kg\/zi.; Tip de racire: Aer; Tip unitate: \u00eencorporat; Conexiune la ap\u0103: da; Material carcasa otel inoxidabil; Putere: 3000 W; Tensiune: 220 V; Tara de productie: Italia; Lungime: 550 mm; Latime: 770 mm; Inaltime: 805 mm; Greutate: 113 kg.<\/span><\/p>\n","protected":false},"featured_media":40240,"template":"","meta":[],"_links":{"self":[{"href":"https:\/\/evotek.md\/ro\/wp-json\/wp\/v2\/product\/40236"}],"collection":[{"href":"https:\/\/evotek.md\/ro\/wp-json\/wp\/v2\/product"}],"about":[{"href":"https:\/\/evotek.md\/ro\/wp-json\/wp\/v2\/types\/product"}],"wp:featuredmedia":[{"embeddable":true,"href":"https:\/\/evotek.md\/ro\/wp-json\/wp\/v2\/media\/40240"}],"wp:attachment":[{"href":"https:\/\/evotek.md\/ro\/wp-json\/wp\/v2\/media?parent=40236"}],"curies":[{"name":"wp","href":"https:\/\/api.w.org\/{rel}","templated":true}]}}