{"id":40229,"date":"2024-03-18T09:54:06","date_gmt":"2024-03-18T09:54:05","guid":{"rendered":"https:\/\/evotek.md\/?post_type=product&#038;p=40229"},"modified":"2024-03-18T10:03:55","modified_gmt":"2024-03-18T10:03:55","slug":"masa-dulap-cu-chiuveta-si-usa-pe-mijloc-sertare-laterale-1500x600x850-mm-stmv-1s-1dk-6s","status":"publish","type":"product","link":"https:\/\/evotek.md\/ro\/produse\/mobila-din-inox\/masa-dulap-cu-chiuveta\/masa-dulap-cu-chiuveta-si-usa-pe-mijloc-sertare-laterale-1500x600x850-mm-stmv-1s-1dk-6s\/","title":{"rendered":"MASA DULAP CU CHIUVETA SI USA PE MIJLOC, SERTARE LATERALE 1500x600x850 mm -STMV-1S-1DK-6S"},"content":{"rendered":"<p><strong>MASA DULAP CU CHIUVETA SI USA PE MIJLOC, SERTARE LATERALE 1500x600x850 mm -STMV-1S-1DK-6S-<\/strong> Mesele din inox cu dulap sunt folosite ca suprafe\u021be de lucru \u00een buc\u0103t\u0103rie, de asemenea pentru depozitarea vaselor, ustensilelor de buc\u0103t\u0103rie sau a produselor alimentare \u00eentr-un spa\u021biu protejat. Masa \u0219i carcasa cu u\u0219i sunt realizate din inox. Picioarele sunt reglabile \u00een \u00een\u0103l\u021bime. Pe interior, blatul este consolidat cu o foaie de PAL. Chiuveta este realizat\u0103 \u00eentr-o versiune sudat\u0103.<\/p>\n<p>Caracteristici<br \/>\nParametri (lungime,l\u0103\u021bime,\u00een\u0103l\u021bime): 1500x600x850 mm<br \/>\nNumar usi: 1 buc.<br \/>\nNumar sertare: 6 buc<br \/>\nNumar chiuvete: 1 buc.<\/p>\n<p>&nbsp;<\/p>\n","protected":false},"excerpt":{"rendered":"<p>Mas\u0103 dulap cu o chiuvet\u0103 si usa pe mijloc, sertare laterle. Parametri (lungime,l\u0103\u021bime,\u00een\u0103l\u021bime): 1500x600x850 mm; Numar usi: 1 buc.; Numar sertare: 6 buc; Numar chiuvete: 1 buc.<\/p>\n<p>*Se efectueaz\u0103 individual dup\u0103 cerin\u021bele clientului.<br \/>\n*Robinetul \u0219i sifoanele nu sunt incluse.<\/p>\n","protected":false},"featured_media":40232,"template":"","meta":[],"_links":{"self":[{"href":"https:\/\/evotek.md\/ro\/wp-json\/wp\/v2\/product\/40229"}],"collection":[{"href":"https:\/\/evotek.md\/ro\/wp-json\/wp\/v2\/product"}],"about":[{"href":"https:\/\/evotek.md\/ro\/wp-json\/wp\/v2\/types\/product"}],"wp:featuredmedia":[{"embeddable":true,"href":"https:\/\/evotek.md\/ro\/wp-json\/wp\/v2\/media\/40232"}],"wp:attachment":[{"href":"https:\/\/evotek.md\/ro\/wp-json\/wp\/v2\/media?parent=40229"}],"curies":[{"name":"wp","href":"https:\/\/api.w.org\/{rel}","templated":true}]}}