{"id":40145,"date":"2024-03-06T11:43:29","date_gmt":"2024-03-06T11:43:29","guid":{"rendered":"https:\/\/evotek.md\/?post_type=product&#038;p=40145"},"modified":"2024-03-06T11:47:25","modified_gmt":"2024-03-06T11:47:25","slug":"emp-ha-02","status":"publish","type":"product","link":"https:\/\/evotek.md\/ro\/produse\/echipamente-electromecanice\/masina-pentru-indindere-aluat\/emp-ha-02\/","title":{"rendered":"MASINA DE INTINS ALUAT 2 RULOURI 300 mm -EMP.HA.02"},"content":{"rendered":"<p><strong>MASINA DE INTINS ALUAT 2 RULOURI 300 mm -EMP.HA.02-<\/strong> este conceput\u0103 pentru \u00eentinderea aluatului pentru pizza, produse de panifica\u021bie, pl\u0103cinte etc.<\/p>\n<p>Pentru formarea blatului de pizza se folosesc ma\u0219ini de turat aluat cu dou\u0103 role. Unul din role ruleaz\u0103 bucata de aluat \u00eentr-o form\u0103 de elips\u0103. Apoi blatul cade pe echilibrator \u0219i intr\u0103 \u00een a doua pereche de rulouri, care o \u00eentinde mai fin p\u00e2n\u0103 la o form\u0103 rotund\u0103. Pute\u021bi ajusta grosimea aluatului at\u00e2t pentru prima, c\u00e2t \u0219i pentru a doua trecere a aluatului. Principalul avantaj al form\u0103rii aluatului folosind masina cu doua perechi de role v\u0103 permite s\u0103 ob\u021bine\u021bi o structur\u0103 bl\u00e2nd\u0103 a crustei.<\/p>\n<p>Caracteristici<br \/>\nDimensiuni: 430x493x679 mm<br \/>\nGreutate: 37 kg<br \/>\nNeto (m3): 0,14<br \/>\nDimensiune rulou: 300 mm<br \/>\nPutere motor: 0,25 kW &#8211; 1500 rpm &#8211; 220V<br \/>\nPosibilitatea de a regla grosimea si diametrul aluatului<br \/>\nHusa de protectie din plexiglas<br \/>\nOprire de urgen\u021b\u0103<br \/>\nCarcasa din otel inoxidabil<\/p>\n","protected":false},"excerpt":{"rendered":"<p>Masina de de \u00eentins aluat electrica cu doua rulouri. Dimensiuni: 430x493x679 mm; Greutate: 37 kg; Neto (m3): 0,14; Dimensiune rulou: 300 mm; Putere motor: 0,25 kW &#8211; 1500 rpm &#8211; 220V; Posibilitatea de a regla grosimea si diametrul aluatului; Husa de protectie din plexiglas; Oprire de urgen\u021b\u0103; Carcasa din otel inoxidabil.<\/p>\n","protected":false},"featured_media":40149,"template":"","meta":[],"_links":{"self":[{"href":"https:\/\/evotek.md\/ro\/wp-json\/wp\/v2\/product\/40145"}],"collection":[{"href":"https:\/\/evotek.md\/ro\/wp-json\/wp\/v2\/product"}],"about":[{"href":"https:\/\/evotek.md\/ro\/wp-json\/wp\/v2\/types\/product"}],"wp:featuredmedia":[{"embeddable":true,"href":"https:\/\/evotek.md\/ro\/wp-json\/wp\/v2\/media\/40149"}],"wp:attachment":[{"href":"https:\/\/evotek.md\/ro\/wp-json\/wp\/v2\/media?parent=40145"}],"curies":[{"name":"wp","href":"https:\/\/api.w.org\/{rel}","templated":true}]}}