{"id":40133,"date":"2024-03-06T11:28:55","date_gmt":"2024-03-06T11:28:55","guid":{"rendered":"https:\/\/evotek.md\/?post_type=product&#038;p=40133"},"modified":"2024-03-06T11:35:21","modified_gmt":"2024-03-06T11:35:21","slug":"emp-ha-06","status":"publish","type":"product","link":"https:\/\/evotek.md\/ro\/produse\/echipamente-electromecanice\/masina-pentru-indindere-aluat\/emp-ha-06\/","title":{"rendered":"MASINA DE INTINS ALUAT 2 RULOURI 46 cm -EMP.HA.06"},"content":{"rendered":"<p><strong>MASINA DE INTINS ALUAT 2 RULOURI 46 cm -EMP.HA.06-<\/strong> \u00a0Ma\u0219ina de turat aluat este utilizat\u0103 la \u00eentreprinderile din industria alimentar\u0103, alimenta\u021bie public\u0103 \u0219i comer\u021b pentru rularea buc\u0103\u021bilor de aluat \u00eentr-un strat pentru a produce pizza, p\u00e2ine, pl\u0103cinte \u0219i alte produse. Carcasa este din inox. Grosimea aluatului se poate regla.<\/p>\n<p>Caracteristici<br \/>\nDimensiuni: 590x493x684 mm<br \/>\nDimensiuni rola: 460 mm<br \/>\nGreutate: 46 kg<br \/>\nPutere motor: 0,25 kW, 1500 rpm-220V<br \/>\nPosibilitate de reglare a grosimii si diametrului aluatului<br \/>\nOprire de urgen\u021b\u0103<br \/>\nCarcasa din otel inoxidabil<\/p>\n","protected":false},"excerpt":{"rendered":"<p>Ma\u0219in\u0103 de \u00eentins aluat cu grosimea aluatului reglabil\u0103. Dimensiuni: 542x396x366 mm; Dimensiuni rola: 400 mm; Greutate: 24 kg; Putere motor: 0,18kw 1500rpm 220V; Posibilitatea de a regla grosimea \u0219i diametrul aluatului; Capac de protectie din plexiglas; Oprire de urgen\u021b\u0103; Carcas\u0103 din o\u021bel inoxidabil.<\/p>\n","protected":false},"featured_media":40136,"template":"","meta":[],"_links":{"self":[{"href":"https:\/\/evotek.md\/ro\/wp-json\/wp\/v2\/product\/40133"}],"collection":[{"href":"https:\/\/evotek.md\/ro\/wp-json\/wp\/v2\/product"}],"about":[{"href":"https:\/\/evotek.md\/ro\/wp-json\/wp\/v2\/types\/product"}],"wp:featuredmedia":[{"embeddable":true,"href":"https:\/\/evotek.md\/ro\/wp-json\/wp\/v2\/media\/40136"}],"wp:attachment":[{"href":"https:\/\/evotek.md\/ro\/wp-json\/wp\/v2\/media?parent=40133"}],"curies":[{"name":"wp","href":"https:\/\/api.w.org\/{rel}","templated":true}]}}