{"id":40102,"date":"2024-02-28T10:30:49","date_gmt":"2024-02-28T10:30:48","guid":{"rendered":"https:\/\/evotek.md\/?post_type=product&#038;p=40102"},"modified":"2024-03-01T08:37:09","modified_gmt":"2024-03-01T08:37:09","slug":"amitek-ak604bt","status":"publish","type":"product","link":"https:\/\/evotek.md\/ro\/produse\/echipamente-frigorifice\/dulap-frigorific-congelare\/amitek-ak604bt\/","title":{"rendered":"DULAP CONGELATOR CU USA OARBA 535 LITRI -AMITEK-AK604BT"},"content":{"rendered":"<p><strong>DULAP CONGELATOR CU USA OARBA 535 LITRI -AMITEK-AK604BT<\/strong><\/p>\n<p>Constructie interioara si externa din otel inoxidabil<br \/>\nR\u0103cire static\u0103 cu ventilator pentru o temperatur\u0103 uniform\u0103.<br \/>\nControler digital<br \/>\nToc de usa cu incalzire anticondens<br \/>\nColectarea condensului cu rezervor<br \/>\nDezghe\u021bare manual\u0103<br \/>\nGrosimea izolatiei 60 mm<br \/>\nU\u0219\u0103 dubl\u0103<br \/>\nPad magnetic usor demontabil<br \/>\nMargini interioare rotunjite<br \/>\nIluminare LED interioara<br \/>\nUsa cu incuietoare cu cheie<br \/>\nPanoul exterior inferior \u0219i spate din o\u021bel galvanizat.<br \/>\nPicioare reglabile din o\u021bel inoxidabil.<br \/>\nEchipat cu 3 rafturi GN2\/1.<br \/>\nLa cerere este disponibil un set de 4 rotile (2 dintre ele cu frana) model RBA4.<\/p>\n<p>Caracteristici<br \/>\nClasa energetica: (2015\/1094\/UE)<br \/>\nClasa climatica: 4<br \/>\nPutere: 420 wa\u021bi<br \/>\nAlimentare: 230\/1N\/50<br \/>\nInterval de temperatur\u0103: -18 \u00f7 -22 \u00b0C<br \/>\nTip de agent frigorific: R290<br \/>\nTemperatura\/umiditate maxima: +33 \u00b0C \/ 60% umiditate relativa<br \/>\nDimensiuni: 680x810x2010h mm<br \/>\nDimensiuni interioare: 564x680x1394h mm<br \/>\nCapacitate de depozitare: 535 litri<br \/>\nNumar rafturi: 3 x GN2\/1<br \/>\nGreutate neta: 117 kg<br \/>\nGreutate totala: 132 kg<br \/>\nDimensiuni in ambalaj: 71x84x215h cm<\/p>\n","protected":false},"excerpt":{"rendered":"<p>Dulap congelator cu usa oarba. Clasa energetica: (2015\/1094\/UE); Clasa climatica: 4; Putere: 420 wa\u021bi; Alimentare: 230\/1N\/50; Interval de temperatur\u0103: -18 \u00f7 -22 \u00b0C; Tip de agent frigorific: R290; Temperatura\/umiditate maxima: +33 \u00b0C \/ 60% umiditate relativa; Dimensiuni: 680x810x2010h mm; Dimensiuni interioare: 564x680x1394h mm; Capacitate de depozitare: 535 litri; Numar rafturi: 3 x GN2\/1; Greutate neta: 117 kg; Greutate totala: 132 kg; Dimensiuni in ambalaj: 71x84x215h cm.<\/p>\n","protected":false},"featured_media":40105,"template":"","meta":[],"_links":{"self":[{"href":"https:\/\/evotek.md\/ro\/wp-json\/wp\/v2\/product\/40102"}],"collection":[{"href":"https:\/\/evotek.md\/ro\/wp-json\/wp\/v2\/product"}],"about":[{"href":"https:\/\/evotek.md\/ro\/wp-json\/wp\/v2\/types\/product"}],"wp:featuredmedia":[{"embeddable":true,"href":"https:\/\/evotek.md\/ro\/wp-json\/wp\/v2\/media\/40105"}],"wp:attachment":[{"href":"https:\/\/evotek.md\/ro\/wp-json\/wp\/v2\/media?parent=40102"}],"curies":[{"name":"wp","href":"https:\/\/api.w.org\/{rel}","templated":true}]}}