{"id":40099,"date":"2024-02-28T10:08:34","date_gmt":"2024-02-28T10:08:34","guid":{"rendered":"https:\/\/evotek.md\/?post_type=product&#038;p=40099"},"modified":"2024-02-28T10:10:35","modified_gmt":"2024-02-28T10:10:35","slug":"schneider-200855","status":"publish","type":"product","link":"https:\/\/evotek.md\/ro\/produse\/accesorii-si-inventar-bucatarie\/cratite-si-tigai\/schneider-200855\/","title":{"rendered":"CAPAC DIN INOX PENTRU GALEATA, \u00d8300 -SCHNEIDER-200855"},"content":{"rendered":"<p><strong>CAPAC DIN INOX PENTRU GALEATA, \u00d8300 -SCHNEIDER-200855- <\/strong>Este fabricat din otel inoxidabil. Capacul face g\u0103leata etan\u0219\u0103, astfel \u00eenc\u00e2t s\u0103 pute\u021bi depozita alimente uscate, f\u0103in\u0103, zah\u0103r, orez \u0219i alte produse f\u0103r\u0103 ca acestea s\u0103 se strice din cauza apei sau a umezelii.<\/p>\n<p>&nbsp;<\/p>\n<p>&nbsp;<\/p>\n","protected":false},"excerpt":{"rendered":"<p>CAPAC DIN INOX PENTRU GALEATA, \u00d8300 -SCHNEIDER-200855- Este fabricat din otel inoxidabil. Capacul face g\u0103leata etan\u0219\u0103, astfel \u00eenc\u00e2t s\u0103 pute\u021bi depozita alimente uscate, f\u0103in\u0103, zah\u0103r, orez \u0219i alte produse f\u0103r\u0103 ca acestea s\u0103 se strice din cauza apei sau a umezelii. &nbsp; &nbsp;<\/p>\n","protected":false},"featured_media":39992,"template":"","meta":[],"_links":{"self":[{"href":"https:\/\/evotek.md\/ro\/wp-json\/wp\/v2\/product\/40099"}],"collection":[{"href":"https:\/\/evotek.md\/ro\/wp-json\/wp\/v2\/product"}],"about":[{"href":"https:\/\/evotek.md\/ro\/wp-json\/wp\/v2\/types\/product"}],"wp:featuredmedia":[{"embeddable":true,"href":"https:\/\/evotek.md\/ro\/wp-json\/wp\/v2\/media\/39992"}],"wp:attachment":[{"href":"https:\/\/evotek.md\/ro\/wp-json\/wp\/v2\/media?parent=40099"}],"curies":[{"name":"wp","href":"https:\/\/api.w.org\/{rel}","templated":true}]}}