{"id":40071,"date":"2024-02-23T12:04:10","date_gmt":"2024-02-23T12:04:10","guid":{"rendered":"https:\/\/evotek.md\/?post_type=product&#038;p=40071"},"modified":"2024-02-23T12:27:48","modified_gmt":"2024-02-23T12:27:48","slug":"infinity-40-compact-start","status":"publish","type":"product","link":"https:\/\/evotek.md\/ro\/produse\/fara-categorie\/infinity-40-compact-start\/","title":{"rendered":"CONGELATOR CU SOC TERMIC 40 NIVELE, CU UNITATE INCORPORATA -AFINOX INFINITY 40 COMPACT START-9AMI40IT5SA01"},"content":{"rendered":"<p><strong>CONGELATOR CU SOC TERMIC 40 NIVELE, CU UNITATE INCORPORATA-AFINOX INFINITY 40 COMPACT START-9AMI40IT5SA01-<\/strong> congelator Afinox INFINITY 40 start este utilizat \u00een unit\u0103\u021bile de catering \u0219i comer\u021b cu am\u0103nuntul pentru r\u0103cirea \u0219i congelarea rapid\u0103 a unor volume mari de produse.<br \/>\nMetoda special\u0103 brevetat\u0103 Afinox prelunge\u0219te durata medie de via\u021b\u0103 a alimentelor, prevenind r\u0103sp\u00e2ndirea bacteriilor \u0219i a organismelor d\u0103un\u0103toare responsabile de descompunerea alimentelor.<br \/>\nViteza de prelucrare \u021bine cont \u0219i de calit\u0103\u021bile organoleptice ale vasului \u0219i previne formarea cristalelor de ghea\u021b\u0103, indicatori de prospe\u021bime slab\u0103 \u0219i conservare slab\u0103.<br \/>\nMai mult dec\u00e2t un simplu aparat de r\u0103cire, Infinity este un instrument esen\u021bial pentru fiecare profesionist al restaurantelor.<br \/>\nINFINITY: nu este doar un cabinet de r\u0103cire intensiv, ci un asistent multifunc\u021bional 6 \u00een 1 care garanteaz\u0103 cea mai bun\u0103 performan\u021b\u0103 atunci c\u00e2nd<\/p>\n<p>Panou de control: Ecran tactil de 9 inchi, \u00een fa\u021b\u0103, \u00een partea de sus a u\u0219ii<br \/>\nSenzor de temperatur\u0103 a produsului: Multi-punct (4 puncte T \u00b0C citiri)<\/p>\n<p>Cicluri:<br \/>\nR\u0103cire<br \/>\nCongelare<br \/>\nDezghe\u021bare SRC<\/p>\n<p>Caracteristici<br \/>\nMaterial: otel inoxidabil<br \/>\nDimensiuni exterioare LaxAdx\u00cen: 1290x1332x2466 mm<br \/>\nDimensiuni interioare LaxAdx\u00cen: 680x830x1800 mm<br \/>\nNumar de nivele: 40<br \/>\nTip GN: 600&#215;400 \/ GN 1\/1 \/ GN 2\/1<br \/>\nUnitate frigorific\u0103: Inferioar\u0103<br \/>\nNumar de usi: 1<br \/>\nPutere de r\u0103cire rapid\u0103: 110 kg<br \/>\nPutere de congelare \u0219oc: 95 kg<br \/>\nGrosimea izola\u021biei: 80 mm<br \/>\nVolum interior: 1020 l<br \/>\nGreutate neta: 460 kg<br \/>\nZgomot: 74 (dB) 5m<br \/>\nCurent maxim absorbit: 21 (A)<br \/>\nAlimentare V\/P\/Hz: 400\/ 3\/ 50<br \/>\nClasa climatica: 40\u00b0C &#8211; 40%<br \/>\nCapacitate de racire: 5060*, 12740**\u00a0 W<br \/>\nControler: ECRAN TACTIL DE 9&#8243;.<\/p>\n","protected":false},"excerpt":{"rendered":"<p>Congelator cu soc termic, 40 nivele. Material: otel inoxidabil; Dimensiuni exterioare LaxAdx\u00cen: 1290x1332x2466 mm; Dimensiuni interioare LaxAdx\u00cen: 680x830x1800 mm; Numar de nivele: 40; Tip GN: 600&#215;400 \/ GN 1\/1 \/ GN 2\/1; Unitate frigorific\u0103; Inferioar\u0103; Numar de usi: 1; Putere de r\u0103cire rapid\u0103: 110 kg; Putere de congelare \u0219oc: 95 kg; Grosimea izola\u021biei: 80 mm; Volum interior: 1020 l; Greutate neta: 460 kg: Zgomot: 74 (dB) 5m; Curent maxim absorbit: 21 (A): Alimentare V\/P\/Hz: 400\/ 3\/ 50; Clasa climatica: 40\u00b0C &#8211; 40%; Capacitate de racire: 5060*, 12740**\u00a0 W; Controler: ECRAN TACTIL DE 9&#8243;.<\/p>\n","protected":false},"featured_media":40068,"template":"","meta":[],"_links":{"self":[{"href":"https:\/\/evotek.md\/ro\/wp-json\/wp\/v2\/product\/40071"}],"collection":[{"href":"https:\/\/evotek.md\/ro\/wp-json\/wp\/v2\/product"}],"about":[{"href":"https:\/\/evotek.md\/ro\/wp-json\/wp\/v2\/types\/product"}],"wp:featuredmedia":[{"embeddable":true,"href":"https:\/\/evotek.md\/ro\/wp-json\/wp\/v2\/media\/40068"}],"wp:attachment":[{"href":"https:\/\/evotek.md\/ro\/wp-json\/wp\/v2\/media?parent=40071"}],"curies":[{"name":"wp","href":"https:\/\/api.w.org\/{rel}","templated":true}]}}