{"id":40053,"date":"2024-02-21T10:33:37","date_gmt":"2024-02-21T10:33:37","guid":{"rendered":"https:\/\/evotek.md\/?post_type=product&#038;p=40053"},"modified":"2024-02-21T10:36:14","modified_gmt":"2024-02-21T10:36:14","slug":"3-75-igloo-sa280","status":"publish","type":"product","link":"https:\/\/evotek.md\/ro\/produse\/echipamente-frigorifice\/vitrina-frigorifica-de-perete\/3-75-igloo-sa280\/","title":{"rendered":"VITRINA FRIGORIFICA ORIZONTALA, SAMOS 3.75 -IGLOO-SA280"},"content":{"rendered":"<p><strong>VITRINA FRIGORIFICA ORIZONTALA, SAMOS 3.75 -IGLOO-SA280<\/strong><\/p>\n<p>Caracteristici<br \/>\nLungime: 3830mm<br \/>\n\u00cen\u0103l\u021bime: 1230 \u00b1 10 mm<br \/>\nAd\u00e2ncime: 1230 mm<br \/>\nCapacitate neta: 1044 dmc<br \/>\nSuprafata expozitie: 2,9 m2<br \/>\nSuprafata totala expozitie: [TDA] 3,44 m2<br \/>\nInterval de temperatur\u0103 de func\u021bionare a echipamentului: (+1 \u00b1 +10\u00b0C)<br \/>\nClasa de temperatura ambientala: 3H1<br \/>\nClasa climatica: 3 (25\u00b0C; 60% RH)<br \/>\nClasa de eficienta energetica: E<br \/>\nAgent frigorific: R448\/R449<br \/>\nTensiune nominal\u0103: 230\/50Hz V<br \/>\nPutere nominala: 919,75\u00a0 W<br \/>\nU\u0219\u0103 batanta din partea clientului, pentru \u00eenc\u0103rcarea produselor<\/p>\n","protected":false},"excerpt":{"rendered":"<p>Vitrina frigorifica de perete. Lungime: 3830mm; \u00cen\u0103l\u021bime: 1230 \u00b1 10 mm; Ad\u00e2ncime: 1230 mm; Capacitate neta: 1044 dmc; Suprafata expozitie: 2,9 m2<br \/>\nSuprafata totala expozitie: [TDA] 3,44 m2; Interval de temperatur\u0103 de func\u021bionare a echipamentului: (+1 \u00b1 +10\u00b0C); Clasa de temperatura ambientala: 3H1; Clasa climatica: 3 (25\u00b0C; 60% RH); Clasa de eficienta energetica: E; Agent frigorific: R448\/R449; Tensiune nominal\u0103: 230\/50Hz V; Putere nominala: 919,75\u00a0 W; U\u0219\u0103 batanta din partea clientului, pentru \u00eenc\u0103rcarea produselor.<\/p>\n","protected":false},"featured_media":40047,"template":"","meta":[],"_links":{"self":[{"href":"https:\/\/evotek.md\/ro\/wp-json\/wp\/v2\/product\/40053"}],"collection":[{"href":"https:\/\/evotek.md\/ro\/wp-json\/wp\/v2\/product"}],"about":[{"href":"https:\/\/evotek.md\/ro\/wp-json\/wp\/v2\/types\/product"}],"wp:featuredmedia":[{"embeddable":true,"href":"https:\/\/evotek.md\/ro\/wp-json\/wp\/v2\/media\/40047"}],"wp:attachment":[{"href":"https:\/\/evotek.md\/ro\/wp-json\/wp\/v2\/media?parent=40053"}],"curies":[{"name":"wp","href":"https:\/\/api.w.org\/{rel}","templated":true}]}}