{"id":40049,"date":"2024-02-21T10:26:55","date_gmt":"2024-02-21T10:26:55","guid":{"rendered":"https:\/\/evotek.md\/?post_type=product&#038;p=40049"},"modified":"2024-02-21T10:30:32","modified_gmt":"2024-02-21T10:30:32","slug":"1-56-igloo-sa240","status":"publish","type":"product","link":"https:\/\/evotek.md\/ro\/produse\/echipamente-frigorifice\/vitrina-frigorifica-de-perete\/1-56-igloo-sa240\/","title":{"rendered":"VITRINA FRIGORIFICA ORIZONTALA, SAMOS 1.56 -IGLOO-SA240"},"content":{"rendered":"<p><strong>VITRINA FRIGORIFICA ORIZONTALA, SAMOS 1.56 -IGLOO-SA240<\/strong><\/p>\n<p>Caracteristici<br \/>\nLungime: 1645 mm<br \/>\n\u00cen\u0103l\u021bime: 1230 \u00b1 10 mm<br \/>\nAd\u00e2ncime: 1230 mm<br \/>\nCapacitate neta: 434 dmc<br \/>\nSuprafata expozitie: 1,2 m2<br \/>\nSuprafata totala expozitie: [TDA]1,42 m2<br \/>\nInterval de temperatur\u0103 de func\u021bionare a echipamentului: (+1 \u00b1 +10\u00b0C)<br \/>\nClasa de temperatura ambientala: 3H1<br \/>\nClasa climatica: 3 (25\u00b0C; 60% RH)<br \/>\nClasa de eficienta energetica: D<br \/>\nAgent frigorific: R290<br \/>\nTensiune nominal\u0103: 230\/50Hz V<br \/>\nPutere nominala: 452 W<br \/>\nU\u0219\u0103 batanta din partea clientului, pentru \u00eenc\u0103rcarea produselor<\/p>\n","protected":false},"excerpt":{"rendered":"<p>Vitrina frigorifica de perete. Lungime: 1645 mm; \u00cen\u0103l\u021bime: 1230 \u00b1 10 mm; Ad\u00e2ncime: 1230 mm; Capacitate neta: 434 dmc; Suprafata expozitie: 1,2 m2; Suprafata totala expozitie: [TDA]1,42 m2; Interval de temperatur\u0103 de func\u021bionare a echipamentului: (+1 \u00b1 +10\u00b0C); Clasa de temperatura ambientala: 3H1; Clasa climatica: 3 (25\u00b0C; 60% RH); Clasa de eficienta energetica: D; Agent frigorific: R290; Tensiune nominal\u0103: 230\/50Hz V; Putere nominala: 452 W; U\u0219\u0103 batanta din partea clientului, pentru \u00eenc\u0103rcarea produselor.<\/p>\n","protected":false},"featured_media":40047,"template":"","meta":[],"_links":{"self":[{"href":"https:\/\/evotek.md\/ro\/wp-json\/wp\/v2\/product\/40049"}],"collection":[{"href":"https:\/\/evotek.md\/ro\/wp-json\/wp\/v2\/product"}],"about":[{"href":"https:\/\/evotek.md\/ro\/wp-json\/wp\/v2\/types\/product"}],"wp:featuredmedia":[{"embeddable":true,"href":"https:\/\/evotek.md\/ro\/wp-json\/wp\/v2\/media\/40047"}],"wp:attachment":[{"href":"https:\/\/evotek.md\/ro\/wp-json\/wp\/v2\/media?parent=40049"}],"curies":[{"name":"wp","href":"https:\/\/api.w.org\/{rel}","templated":true}]}}