{"id":40044,"date":"2024-02-21T09:27:15","date_gmt":"2024-02-21T09:27:15","guid":{"rendered":"https:\/\/evotek.md\/?post_type=product&#038;p=40044"},"modified":"2024-02-21T10:21:55","modified_gmt":"2024-02-21T10:21:55","slug":"igloo-sa230","status":"publish","type":"product","link":"https:\/\/evotek.md\/ro\/produse\/echipamente-frigorifice\/vitrina-frigorifica-de-perete\/igloo-sa230\/","title":{"rendered":"VITRINA FRIGORIFICA ORIZONTALA, SAMOS 1.25 -IGLOO-SA230"},"content":{"rendered":"<p><strong>VITRINA FRIGORIFICA ORIZONTALA, SAMOS 1.25 -IGLOO-SA230<\/strong><\/p>\n<p>Caracteristici<br \/>\nLungime: 1330 mm<br \/>\n\u00cen\u0103l\u021bime: 1230 \u00b1 10 mm<br \/>\nAd\u00e2ncime: 1230 mm<br \/>\nCapacitate neta: 348 dmc<br \/>\nSuprafata expozitie: 1,0 m2<br \/>\nSuprafata totala expozitie: [TDA][m2]1.14<br \/>\nInterval de temperatur\u0103 de func\u021bionare a echipamentului: (+1 \u00b1 +10\u00b0C)<br \/>\nClasa de temperatura ambientala: 3H1<br \/>\nClasa climatica: 3 (25\u00b0C; 60% RH)<br \/>\nClasa de eficienta energetica: D<br \/>\nAgent frigorific: R290<br \/>\nTensiune nominal\u0103: 230\/50Hz V<br \/>\nPutere nominala: 377,25 W<br \/>\nU\u0219\u0103 batanta din partea clientului, pentru \u00eenc\u0103rcarea produselor<\/p>\n","protected":false},"excerpt":{"rendered":"<p>Vitrina frigorifica de perete. Lungime: 1330 mm; \u00cen\u0103l\u021bime: 1230 \u00b1 10 mm; Ad\u00e2ncime: 1230 mm; Capacitate neta: 348 dmc; Suprafata expozitie: 1,0 m2; Suprafata totala expozitie: [TDA][m2]1.14; Interval de temperatur\u0103 de func\u021bionare a echipamentului: (+1 \u00b1 +10\u00b0C); Clasa de temperatura ambientala: 3H1; Clasa climatica: 3 (25\u00b0C; 60% RH); Clasa de eficienta energetica: D; Agent frigorific: R290; Tensiune nominal\u0103: 230\/50Hz V; Putere nominala: 377,25 W; U\u0219\u0103 batanta din partea clientului, pentru \u00eenc\u0103rcarea produselor.<\/p>\n","protected":false},"featured_media":40047,"template":"","meta":[],"_links":{"self":[{"href":"https:\/\/evotek.md\/ro\/wp-json\/wp\/v2\/product\/40044"}],"collection":[{"href":"https:\/\/evotek.md\/ro\/wp-json\/wp\/v2\/product"}],"about":[{"href":"https:\/\/evotek.md\/ro\/wp-json\/wp\/v2\/types\/product"}],"wp:featuredmedia":[{"embeddable":true,"href":"https:\/\/evotek.md\/ro\/wp-json\/wp\/v2\/media\/40047"}],"wp:attachment":[{"href":"https:\/\/evotek.md\/ro\/wp-json\/wp\/v2\/media?parent=40044"}],"curies":[{"name":"wp","href":"https:\/\/api.w.org\/{rel}","templated":true}]}}