{"id":40037,"date":"2024-02-21T08:06:53","date_gmt":"2024-02-21T08:06:53","guid":{"rendered":"https:\/\/evotek.md\/?post_type=product&#038;p=40037"},"modified":"2024-02-21T09:17:22","modified_gmt":"2024-02-21T09:17:22","slug":"igloo-icc130","status":"publish","type":"product","link":"https:\/\/evotek.md\/ro\/produse\/echipamente-frigorifice\/vitrina-congelator-gondola\/igloo-icc130\/","title":{"rendered":"VITRINA CONGELATOR BONETA, ICECRAFT 1.6 -IGLOO-ICC130"},"content":{"rendered":"<p><strong>VITRINA CONGELATOR BONETA, ICECRAFT 1.6 -IGLOO-ICC130-<\/strong> Boneta congelator ICECRAFT, conceputa pentru magazinele cu autoservire. Ofer\u0103 acces foarte facil la produsele depozitate \u00een echipament, la produse congelate (amestecuri de legume \u0219i fructe, adic\u0103 m\u00e2nc\u0103ruri congelate gata preparate). Are o suprafata mare de expunere si geamuri laterale foarte izolate, precum si iluminare dubla cu panouri LED. Colec\u021bia este acoperit\u0103 cu capace de sticl\u0103 special concepute, cu m\u00e2nere transparente. Aceste avantaje ne permit s\u0103 afirm\u0103m c\u0103 ICECRAFT respect\u0103 cele mai recente tendin\u021be tehnologice \u0219i de consum la nivel mondial. Gondola are o unitate intern\u0103 integrat\u0103 cu agent frigorific ecologic R 290. Completeaz\u0103 \u00een mod ideal linia de rafturi VARIO 3, potrivindu-le \u00een stil. Designul ICECRAFT se refer\u0103 la linia de rafturi VARIO 3 \u0219i completeaz\u0103 perfect oferta IGLOO.<\/p>\n<p>Caracteristici<br \/>\nLungime: 1600 mm<br \/>\nInaltime: 920 mm<br \/>\nAd\u00e2ncime: 1050 mm<br \/>\nCapacitate neta: 309 dmc<br \/>\nSuprafata expozitie: 1,2 m2<br \/>\nInterval de temperatur\u0103 de func\u021bionare a echipamentului: (-24 \u00b1 -18\u00b0C)<br \/>\nClasa de temperatura ambientala: 3L1<br \/>\nClasa climatica: 3 (25\u00b0C; 60% RH)<br \/>\nAgent frigorific: R290<br \/>\nTensiune nominal\u0103: 230\/50Hz V<br \/>\nPutere nominala: 1655 W<br \/>\nU\u0219i glisante<\/p>\n","protected":false},"excerpt":{"rendered":"<p>Vitrina congelator. Lungime: 1600 mm; Inaltime: 920 mm; Ad\u00e2ncime: 1050 mm; Capacitate neta: 309 dmc; Suprafata expozitie: 1,2 m2; Interval de temperatur\u0103 de func\u021bionare a echipamentului: (-24 \u00b1 -18\u00b0C); Clasa de temperatura ambientala: 3L1;\u00a0 Clasa climatica: 3 (25\u00b0C; 60% RH); Agent frigorific: R290; Tensiune nominal\u0103: 230\/50Hz V; Putere nominala: 1655 W; U\u0219i glisante.<\/p>\n","protected":false},"featured_media":40040,"template":"","meta":[],"_links":{"self":[{"href":"https:\/\/evotek.md\/ro\/wp-json\/wp\/v2\/product\/40037"}],"collection":[{"href":"https:\/\/evotek.md\/ro\/wp-json\/wp\/v2\/product"}],"about":[{"href":"https:\/\/evotek.md\/ro\/wp-json\/wp\/v2\/types\/product"}],"wp:featuredmedia":[{"embeddable":true,"href":"https:\/\/evotek.md\/ro\/wp-json\/wp\/v2\/media\/40040"}],"wp:attachment":[{"href":"https:\/\/evotek.md\/ro\/wp-json\/wp\/v2\/media?parent=40037"}],"curies":[{"name":"wp","href":"https:\/\/api.w.org\/{rel}","templated":true}]}}