{"id":40028,"date":"2024-02-20T13:20:51","date_gmt":"2024-02-20T13:20:51","guid":{"rendered":"https:\/\/evotek.md\/?post_type=product&#038;p=40028"},"modified":"2024-02-20T13:30:11","modified_gmt":"2024-02-20T13:30:11","slug":"m-09307000","status":"publish","type":"product","link":"https:\/\/evotek.md\/ro\/produse\/echipamente-electromecanice\/feliatoare-legume-si-cutite-feliatoare\/feliatoare-legume\/m-09307000\/","title":{"rendered":"FELIATOR DE LEGUME 60-450 kg\/h -M-09307000"},"content":{"rendered":"<p><strong>FELIATOR DE LEGUME 60-450 kg\/h -M-09307000- <\/strong>\u00cenainte de a \u00eencepe s\u0103 g\u0103ti\u021bi, trebuie s\u0103 preg\u0103ti\u021bi mai \u00eent\u00e2i m\u00e2ncarea. T\u0103ierea \u0219i tocarea manual\u0103 a fructelor \u0219i legumelor poate consuma mult timp. Cu acest t\u0103ietor profesional de legume pute\u021bi t\u0103ia rapid \u0219i eficient felii, cuburi, chipsuri sau julienne.<\/p>\n<p>Caracteristici<br \/>\nLatime: 28 cm<br \/>\nAd\u00e2ncime: 65 cm<br \/>\ninaltime: 55 cm<br \/>\nGreutate: 27 kg<br \/>\nTip sursa de alimentare: 230V\/50Hz\/1 faza 750W<br \/>\nNumar de prize: 1<br \/>\nPutere electrica: 750 Watt<br \/>\nCapacitate: 60-450 kg\/h<br \/>\nDimensiuni admisie: \u220517 cm<\/p>\n<p>Not\u0103. Pentru cuburi, utiliza\u021bi o gril\u0103 de t\u0103iat cubule\u021be cu un disc de t\u0103iere standard.<\/p>\n<p>Include 5 discuri de t\u0103iere:<br \/>\nT\u0103i\u0103tor special de 1,5 mm<br \/>\nCu\u021bit special 3 mm<br \/>\nCu\u021bit special 5mm<br \/>\nRazatoare standard 3 mm<br \/>\nRazatoare standard 5 mm<\/p>\n<p>&nbsp;<\/p>\n","protected":false},"excerpt":{"rendered":"<p>Feliator de legumede cu capacitatea de la 60 la 450 kg pe or\u0103. Latime: 28 cm; Ad\u00e2ncime: 65 cm; inaltime: 55 cm; Greutate: 27 kg; Tip sursa de alimentare: 230V\/50Hz\/1 faza 750W; Numar de prize: 1; Putere electrica: 750 Watt; Capacitate: 60-450 kg\/h; Dimensiuni admisie: \u220517 cm. (Include 5 discuri de t\u0103iere:<br \/>\nT\u0103i\u0103tor special de 1,5 mm; Cu\u021bit special 3 mm; Cu\u021bit special 5mm; Razatoare standard 3 mm; Razatoare standard 5 mm)<\/p>\n","protected":false},"featured_media":40031,"template":"","meta":[],"_links":{"self":[{"href":"https:\/\/evotek.md\/ro\/wp-json\/wp\/v2\/product\/40028"}],"collection":[{"href":"https:\/\/evotek.md\/ro\/wp-json\/wp\/v2\/product"}],"about":[{"href":"https:\/\/evotek.md\/ro\/wp-json\/wp\/v2\/types\/product"}],"wp:featuredmedia":[{"embeddable":true,"href":"https:\/\/evotek.md\/ro\/wp-json\/wp\/v2\/media\/40031"}],"wp:attachment":[{"href":"https:\/\/evotek.md\/ro\/wp-json\/wp\/v2\/media?parent=40028"}],"curies":[{"name":"wp","href":"https:\/\/api.w.org\/{rel}","templated":true}]}}