{"id":40016,"date":"2024-02-20T12:31:42","date_gmt":"2024-02-20T12:31:42","guid":{"rendered":"https:\/\/evotek.md\/?post_type=product&#038;p=40016"},"modified":"2024-02-20T12:37:36","modified_gmt":"2024-02-20T12:37:36","slug":"m-09356116","status":"publish","type":"product","link":"https:\/\/evotek.md\/ro\/produse\/fara-categorie\/m-09356116\/","title":{"rendered":"ANGRENAJ DIN ARAMA MMM12 M-09356116"},"content":{"rendered":"<p>ANGRENAJ DIN ARAMA MMM12 M-09356116<\/p>\n<p>Caracteristici<br \/>\nPotrivit pentru: 09300445<br \/>\nLatime: 4,2 cm<br \/>\nAd\u00e2ncime: 4,2 cm<br \/>\ninaltime: 1,6 cm<br \/>\nGreutate: 0,12 kg<\/p>\n","protected":false},"excerpt":{"rendered":"<p>Potrivit pentru: 08803000; Greutate: 0,3 kg; Tip surs\u0103 de alimentare: F\u0103r\u0103 alimentare.<\/p>\n","protected":false},"featured_media":40019,"template":"","meta":[],"_links":{"self":[{"href":"https:\/\/evotek.md\/ro\/wp-json\/wp\/v2\/product\/40016"}],"collection":[{"href":"https:\/\/evotek.md\/ro\/wp-json\/wp\/v2\/product"}],"about":[{"href":"https:\/\/evotek.md\/ro\/wp-json\/wp\/v2\/types\/product"}],"wp:featuredmedia":[{"embeddable":true,"href":"https:\/\/evotek.md\/ro\/wp-json\/wp\/v2\/media\/40019"}],"wp:attachment":[{"href":"https:\/\/evotek.md\/ro\/wp-json\/wp\/v2\/media?parent=40016"}],"curies":[{"name":"wp","href":"https:\/\/api.w.org\/{rel}","templated":true}]}}