{"id":40012,"date":"2024-02-20T11:47:13","date_gmt":"2024-02-20T11:47:13","guid":{"rendered":"https:\/\/evotek.md\/?post_type=product&#038;p=40012"},"modified":"2024-02-20T11:54:12","modified_gmt":"2024-02-20T11:54:12","slug":"cuplaj-motor-epb-xl-m-08803101","status":"publish","type":"product","link":"https:\/\/evotek.md\/ro\/produse\/fara-categorie\/cuplaj-motor-epb-xl-m-08803101\/","title":{"rendered":"MECANISM DE CUPLARE PENTRU BLENDER EPB-Xl -M-08803101"},"content":{"rendered":"<p><strong>MECANISM DE CUPLARE PENTRU BLENDER EPB-Xl -M-08803101<\/strong><br \/>\nPotrivit pentru: 08803000<br \/>\nGreutate: 0,3 kg<br \/>\nTip surs\u0103 de alimentare: F\u0103r\u0103 alimentare<\/p>\n","protected":false},"excerpt":{"rendered":"<p>Potrivit pentru: 08803000; Greutate: 0,3 kg; Tip surs\u0103 de alimentare: F\u0103r\u0103 alimentare.<\/p>\n","protected":false},"featured_media":40015,"template":"","meta":[],"_links":{"self":[{"href":"https:\/\/evotek.md\/ro\/wp-json\/wp\/v2\/product\/40012"}],"collection":[{"href":"https:\/\/evotek.md\/ro\/wp-json\/wp\/v2\/product"}],"about":[{"href":"https:\/\/evotek.md\/ro\/wp-json\/wp\/v2\/types\/product"}],"wp:featuredmedia":[{"embeddable":true,"href":"https:\/\/evotek.md\/ro\/wp-json\/wp\/v2\/media\/40015"}],"wp:attachment":[{"href":"https:\/\/evotek.md\/ro\/wp-json\/wp\/v2\/media?parent=40012"}],"curies":[{"name":"wp","href":"https:\/\/api.w.org\/{rel}","templated":true}]}}