{"id":39996,"date":"2024-02-16T12:15:06","date_gmt":"2024-02-16T12:15:06","guid":{"rendered":"https:\/\/evotek.md\/?post_type=product&#038;p=39996"},"modified":"2024-02-16T12:29:54","modified_gmt":"2024-02-16T12:29:54","slug":"macpan-mc30-2e","status":"publish","type":"product","link":"https:\/\/evotek.md\/ro\/produse\/fara-categorie\/macpan-mc30-2e\/","title":{"rendered":"MASINA DE PREPARAT CREME 30 LITRI -MACPAN-MC30\/2E"},"content":{"rendered":"<p><strong>MASINA DE PREPARAT CREME 30 LITRI -MACPAN-MC30\/2E- <\/strong>Ma\u0219inile MC sunt concepute pentru producerea \u0219i prepararea de patiserie choux, creme de patiserie, ciocolat\u0103, fudge, dulce\u021buri de fructe, glazuri, umpluturi, diverse amestecuri dup\u0103 re\u021bete originale, precum \u0219i orice produse care necesit\u0103 \u00eenc\u0103lzire uniform\u0103 \u0219i amestecare lin\u0103. Folosit adesea \u00een produse de cofet\u0103rie \u0219i panifica\u021bie.<\/p>\n<p>Caracteristici<br \/>\nPutere: 4,2 kW<br \/>\nVolum bol: 30 litri<br \/>\nGreutate: 130 kg<br \/>\nDimensiuni totale (Lux\u00cenxLa) max: 700x740x1360<\/p>\n","protected":false},"excerpt":{"rendered":"<p>Masina de preparat creme. Putere: 4,2 kW; Volum bol: 30 litri; Greutate: 130 kg; Dimensiuni totale (Lux\u00cenxLa) max: 700x740x1360 mm.<\/p>\n","protected":false},"featured_media":39999,"template":"","meta":[],"_links":{"self":[{"href":"https:\/\/evotek.md\/ro\/wp-json\/wp\/v2\/product\/39996"}],"collection":[{"href":"https:\/\/evotek.md\/ro\/wp-json\/wp\/v2\/product"}],"about":[{"href":"https:\/\/evotek.md\/ro\/wp-json\/wp\/v2\/types\/product"}],"wp:featuredmedia":[{"embeddable":true,"href":"https:\/\/evotek.md\/ro\/wp-json\/wp\/v2\/media\/39999"}],"wp:attachment":[{"href":"https:\/\/evotek.md\/ro\/wp-json\/wp\/v2\/media?parent=39996"}],"curies":[{"name":"wp","href":"https:\/\/api.w.org\/{rel}","templated":true}]}}