{"id":39989,"date":"2024-02-16T08:32:12","date_gmt":"2024-02-16T08:32:12","guid":{"rendered":"https:\/\/evotek.md\/?post_type=product&#038;p=39989"},"modified":"2024-02-16T08:37:26","modified_gmt":"2024-02-16T08:37:26","slug":"st-093101","status":"publish","type":"product","link":"https:\/\/evotek.md\/ro\/produse\/accesorii-si-inventar-bucatarie\/cratite-si-tigai\/st-093101\/","title":{"rendered":"CAPAC DIN INOX PENTRU GALEATA DE 10 LITRI, \u00d8280 -ST-093101"},"content":{"rendered":"<p><strong>CAPAC DIN INOX PENTRU GALEATA DE 10 LITRI, \u00d8280 -ST-093101- <\/strong>Este fabricat din otel inoxidabil. Capacul face g\u0103leata etan\u0219\u0103, astfel \u00eenc\u00e2t s\u0103 pute\u021bi depozita alimente uscate, f\u0103in\u0103, zah\u0103r, orez \u0219i alte produse f\u0103r\u0103 ca acestea s\u0103 se strice din cauza apei sau a umezelii.<\/p>\n<p>Potrivit pentru g\u0103le\u021bi: 091101 \u0219i 092101.<\/p>\n<p>&nbsp;<\/p>\n","protected":false},"excerpt":{"rendered":"<p>Potrivit pentru g\u0103le\u021bi: 091101 \u0219i 092101.<\/p>\n","protected":false},"featured_media":39992,"template":"","meta":[],"_links":{"self":[{"href":"https:\/\/evotek.md\/ro\/wp-json\/wp\/v2\/product\/39989"}],"collection":[{"href":"https:\/\/evotek.md\/ro\/wp-json\/wp\/v2\/product"}],"about":[{"href":"https:\/\/evotek.md\/ro\/wp-json\/wp\/v2\/types\/product"}],"wp:featuredmedia":[{"embeddable":true,"href":"https:\/\/evotek.md\/ro\/wp-json\/wp\/v2\/media\/39992"}],"wp:attachment":[{"href":"https:\/\/evotek.md\/ro\/wp-json\/wp\/v2\/media?parent=39989"}],"curies":[{"name":"wp","href":"https:\/\/api.w.org\/{rel}","templated":true}]}}