{"id":39932,"date":"2024-02-13T11:09:22","date_gmt":"2024-02-13T11:09:22","guid":{"rendered":"https:\/\/evotek.md\/?post_type=product&#038;p=39932"},"modified":"2024-02-13T13:56:06","modified_gmt":"2024-02-13T13:56:06","slug":"moretti-forni-s125e","status":"publish","type":"product","link":"https:\/\/evotek.md\/ro\/produse\/fara-categorie\/moretti-forni-s125e\/","title":{"rendered":"CUPTOR ELECTRIC MODULAR  PE VATRA -MORETTI FORNI-S125E"},"content":{"rendered":"<p><strong>CUPTOR ELECTRIC MODULAR PE VATRA -MORETTI FORNI-S125E <\/strong><\/p>\n<p>Caracteristici<br \/>\nTemperatura maxim\u0103 atinge: 450 C (84Z&#8221;F)<br \/>\nSe coace folosind un termocuplu<br \/>\nInaltime exterioara: 820 mm<br \/>\nAd\u00e2ncime exterioar\u0103: 1738 mm<br \/>\nLatime exterioara: 1660 mm<br \/>\nGreutate: 629 kg<br \/>\nTava: 12 buc. 600&#215;400 mm<br \/>\nDiametru pizza: 20 buc. 350 mm<br \/>\nDiametru pizza: 12 buc. 450 mm<\/p>\n","protected":false},"excerpt":{"rendered":"<p>Cuptor electric modular. Temperatura maxim\u0103 atinge: 450 C (84Z&#8221;F); Se coace folosind un termocuplu; Inaltime exterioara: 820 mm; Ad\u00e2ncime exterioar\u0103: 1738 mm; Latime exterioara: 1660 mm; Greutate: 629 kg; Tava: 12 buc. 600&#215;400 mm; Diametru pizza: 20 buc. 350 mm; Diametru pizza: 12 buc. 450 mm.<\/p>\n","protected":false},"featured_media":39911,"template":"","meta":[],"_links":{"self":[{"href":"https:\/\/evotek.md\/ro\/wp-json\/wp\/v2\/product\/39932"}],"collection":[{"href":"https:\/\/evotek.md\/ro\/wp-json\/wp\/v2\/product"}],"about":[{"href":"https:\/\/evotek.md\/ro\/wp-json\/wp\/v2\/types\/product"}],"wp:featuredmedia":[{"embeddable":true,"href":"https:\/\/evotek.md\/ro\/wp-json\/wp\/v2\/media\/39911"}],"wp:attachment":[{"href":"https:\/\/evotek.md\/ro\/wp-json\/wp\/v2\/media?parent=39932"}],"curies":[{"name":"wp","href":"https:\/\/api.w.org\/{rel}","templated":true}]}}