{"id":39925,"date":"2024-02-13T10:46:10","date_gmt":"2024-02-13T10:46:11","guid":{"rendered":"https:\/\/evotek.md\/?post_type=product&#038;p=39925"},"modified":"2024-02-13T11:04:10","modified_gmt":"2024-02-13T11:04:10","slug":"pl602vfi","status":"publish","type":"product","link":"https:\/\/evotek.md\/ro\/produse\/fara-categorie\/pl602vfi\/","title":{"rendered":"MASINA DE PREPARAT CREME 60 LITRI (PLANETAR)-PL602VFI"},"content":{"rendered":"<p><strong>MASINA DE PREPARAT CREME 60 LITRI (PLANETAR)-PL602VFI-<\/strong> \u00cen echipamentul planetar Cooker, amestecarea se realizeaz\u0103 datorit\u0103 mi\u0219c\u0103rii de rota\u021bie a 2 scule, \u00eembun\u0103t\u0103\u021bind calitatea produsului ob\u021binut la sf\u00e2r\u0219itul proces\u0103rii \u0219i f\u0103c\u00e2ndu-l complet omogen.<\/p>\n<p>Caracteristici:<br \/>\nVolum bol: 60 l<br \/>\nCantitate produs: min.12 l, max. 48 l<br \/>\nDimensiuni, \u00cenxLaxLu: 168x115x80 cm<br \/>\nPutere: 6 kW<br \/>\n\u0412\u0435\u0441: 340 \u043a\u0433<\/p>\n<p>&nbsp;<\/p>\n<p>&nbsp;<\/p>\n","protected":false},"excerpt":{"rendered":"<p>Masina de preparat creme. Volum bol: 60 l; Cantitate produs: min.12 l, max. 48 l; Dimensiuni, \u00cenxLaxLu: 168x115x80 cm; Putere: 6 kW; \u0412\u0435\u0441: 340 \u043a\u0433.<\/p>\n","protected":false},"featured_media":39930,"template":"","meta":[],"_links":{"self":[{"href":"https:\/\/evotek.md\/ro\/wp-json\/wp\/v2\/product\/39925"}],"collection":[{"href":"https:\/\/evotek.md\/ro\/wp-json\/wp\/v2\/product"}],"about":[{"href":"https:\/\/evotek.md\/ro\/wp-json\/wp\/v2\/types\/product"}],"wp:featuredmedia":[{"embeddable":true,"href":"https:\/\/evotek.md\/ro\/wp-json\/wp\/v2\/media\/39930"}],"wp:attachment":[{"href":"https:\/\/evotek.md\/ro\/wp-json\/wp\/v2\/media?parent=39925"}],"curies":[{"name":"wp","href":"https:\/\/api.w.org\/{rel}","templated":true}]}}