{"id":39918,"date":"2024-02-13T10:31:08","date_gmt":"2024-02-13T10:31:08","guid":{"rendered":"https:\/\/evotek.md\/?post_type=product&#038;p=39918"},"modified":"2024-02-16T12:14:21","modified_gmt":"2024-02-16T12:14:21","slug":"60-litri-c602ei","status":"publish","type":"product","link":"https:\/\/evotek.md\/ro\/produse\/fara-categorie\/60-litri-c602ei\/","title":{"rendered":"MASINA DE PREPARAT CREME 60 LITRI -C602EI"},"content":{"rendered":"<p><strong>MASINA DE PREPARAT CREME 60 LITRI -C602EI-<\/strong> unitatea arcuit\u0103 este potrivit\u0103 \u00een special pentru produsele cu densitate medie \u0219i mic\u0103, la care se folose\u0219te viteza de amestecare dubl\u0103 pentru a satisface toate cerin\u021bele: creme, sosuri, concentrate, risotto, siropuri, baze de \u00eenghe\u021bat\u0103.<\/p>\n<p>Caracteristici:<br \/>\nVolum bol: 60 l<br \/>\nCantitate produs: min.12 l, max. 48 l<br \/>\nDimensiuni, \u00cenxLaxLu: 136x74x76 cm<br \/>\nPutere: 6 kW<br \/>\n\u0412\u0435\u0441: 145 \u043a\u0433<\/p>\n","protected":false},"excerpt":{"rendered":"<p>Masina de preparat creme. Volum bol: 60 l; Cantitate produs: min.12 l, max. 48 l; Dimensiuni, \u00cenxLaxLu: 136x74x76 cm; Putere: 6 kW; \u0412\u0435\u0441: 145 \u043a\u0433.<\/p>\n","protected":false},"featured_media":39916,"template":"","meta":[],"_links":{"self":[{"href":"https:\/\/evotek.md\/ro\/wp-json\/wp\/v2\/product\/39918"}],"collection":[{"href":"https:\/\/evotek.md\/ro\/wp-json\/wp\/v2\/product"}],"about":[{"href":"https:\/\/evotek.md\/ro\/wp-json\/wp\/v2\/types\/product"}],"wp:featuredmedia":[{"embeddable":true,"href":"https:\/\/evotek.md\/ro\/wp-json\/wp\/v2\/media\/39916"}],"wp:attachment":[{"href":"https:\/\/evotek.md\/ro\/wp-json\/wp\/v2\/media?parent=39918"}],"curies":[{"name":"wp","href":"https:\/\/api.w.org\/{rel}","templated":true}]}}