{"id":39917,"date":"2024-02-13T10:26:38","date_gmt":"2024-02-13T10:30:57","guid":{"rendered":"https:\/\/evotek.md\/?post_type=product&#038;p=39917"},"modified":"2024-02-13T10:41:50","modified_gmt":"2024-02-13T10:41:50","slug":"c302ei","status":"publish","type":"product","link":"https:\/\/evotek.md\/ro\/produse\/fara-categorie\/c302ei\/","title":{"rendered":"MASINA DE PREPARAT CREME 30 LITRI -C302EI"},"content":{"rendered":"<p><strong>MASINA DE PREPARAT CREME 30 LITRI -C302EI-<\/strong> unitatea arcuit\u0103 este potrivit\u0103 \u00een special pentru produsele cu densitate medie \u0219i mic\u0103, la care se folose\u0219te viteza de amestecare dubl\u0103 pentru a satisface toate cerin\u021bele: creme, sosuri, concentrate, risotto, siropuri, baze de \u00eenghe\u021bat\u0103.<\/p>\n<p>Caracteristici:<br \/>\nVolum bol: 30 l<br \/>\nCantitate produs: min.6 l, max. 24 l<br \/>\nDimensiuni, \u0102nxLaxLu: 136x74x70 cm<br \/>\nPutere: 3,75 kW<br \/>\nGreutate: 130 kg<\/p>\n","protected":false},"excerpt":{"rendered":"<p>Masina de preparat creme. Volum bol: 30 l; Cantitate produs: min.6 l, max. 24 l; Dimensiuni, \u0102nxLaxLu: 136x74x70 cm; Putere: 3,75 kW; Greutate: 130 kg.<\/p>\n","protected":false},"featured_media":39916,"template":"","meta":[],"_links":{"self":[{"href":"https:\/\/evotek.md\/ro\/wp-json\/wp\/v2\/product\/39917"}],"collection":[{"href":"https:\/\/evotek.md\/ro\/wp-json\/wp\/v2\/product"}],"about":[{"href":"https:\/\/evotek.md\/ro\/wp-json\/wp\/v2\/types\/product"}],"wp:featuredmedia":[{"embeddable":true,"href":"https:\/\/evotek.md\/ro\/wp-json\/wp\/v2\/media\/39916"}],"wp:attachment":[{"href":"https:\/\/evotek.md\/ro\/wp-json\/wp\/v2\/media?parent=39917"}],"curies":[{"name":"wp","href":"https:\/\/api.w.org\/{rel}","templated":true}]}}