{"id":39908,"date":"2024-02-13T09:26:49","date_gmt":"2024-02-13T09:26:49","guid":{"rendered":"https:\/\/evotek.md\/?post_type=product&#038;p=39908"},"modified":"2024-02-13T13:59:03","modified_gmt":"2024-02-13T13:59:03","slug":"s105e-moretti-forni-0a020260","status":"publish","type":"product","link":"https:\/\/evotek.md\/ro\/produse\/fara-categorie\/s105e-moretti-forni-0a020260\/","title":{"rendered":"CUPTOR ELECTRIC MODULAR PE VATRA S105E -MORETTI FORNI-0A020260"},"content":{"rendered":"<p><strong>CUPTOR ELECTRIC MODULAR PE VATRA S105E -MORETTI FORNI-0A020260<\/strong><\/p>\n<p>Caracteristici<br \/>\nTemperatura maxim\u0103 atinge: 450 C (84Z&#8221;F)<br \/>\nSe coace folosind un termocuplu<br \/>\nInaltime exterioara: 820 mm<br \/>\nAd\u00e2ncime exterioar\u0103: 1738 mm<br \/>\nLatime exterioara: 1365 mm<br \/>\nGreutate: 591 kg<br \/>\nTava: 8 buc. 600&#215;400 mm<br \/>\nDiametru pizza: 16 buc. 350 mm<br \/>\nDiametru pizza: 10 buc. 450 mm<\/p>\n","protected":false},"excerpt":{"rendered":"<p>Cuptor electric modular. Temperatura maxim\u0103 atinge: 450 C (84Z&#8221;F); Se coace folosind un termocuplu; Inaltime exterioara: 820 mm; Ad\u00e2ncime exterioar\u0103: 1738 mm; Latime exterioara: 1365 mm; Greutate: 591 kg; Tava: 8 buc. 600&#215;400 mm; Diametru pizza: 16 buc. 350 mm; Diametru pizza: 10 buc. 450 mm\/<\/p>\n","protected":false},"featured_media":39911,"template":"","meta":[],"_links":{"self":[{"href":"https:\/\/evotek.md\/ro\/wp-json\/wp\/v2\/product\/39908"}],"collection":[{"href":"https:\/\/evotek.md\/ro\/wp-json\/wp\/v2\/product"}],"about":[{"href":"https:\/\/evotek.md\/ro\/wp-json\/wp\/v2\/types\/product"}],"wp:featuredmedia":[{"embeddable":true,"href":"https:\/\/evotek.md\/ro\/wp-json\/wp\/v2\/media\/39911"}],"wp:attachment":[{"href":"https:\/\/evotek.md\/ro\/wp-json\/wp\/v2\/media?parent=39908"}],"curies":[{"name":"wp","href":"https:\/\/api.w.org\/{rel}","templated":true}]}}