{"id":39903,"date":"2024-02-08T14:08:33","date_gmt":"2024-02-08T14:08:32","guid":{"rendered":"https:\/\/evotek.md\/?post_type=product&#038;p=39903"},"modified":"2024-02-08T14:14:49","modified_gmt":"2024-02-08T14:14:49","slug":"vitrina-frigorifica-pentru-patiserie-cube-09w-3p-igloo-cu102-3","status":"publish","type":"product","link":"https:\/\/evotek.md\/ro\/produse\/echipamente-frigorifice\/vitrine-frigorifice-pentru-patiserie\/vitrina-frigorifica-pentru-patiserie-cube-09w-3p-igloo-cu102-3\/","title":{"rendered":"VITRINA FRIGORIFICA PENTRU PATISERIE CUBE 0,9W 3P -IGLOO-CU102.3"},"content":{"rendered":"<p><strong>VITRINA FRIGORIFICA PENTRU PATISERIE CUBE 0,9W 3P -IGLOO-CU102.3- 3<\/strong>\u00a0rafturi din sticl\u0103 de expunere pe suport cu \u00een\u0103l\u021bime reglabil\u0103, u\u0219i glisante in spate cu geam termopan.<\/p>\n<p>Caracteristici<br \/>\nLungime: 910 mm<br \/>\n\u00cen\u0103l\u021bime: 1380+\/-10 mm<br \/>\nAd\u00e2ncime: 835 mm<br \/>\nCapacitate neta: 550 dmc<br \/>\nSuprafata expozitie: 1,74 m2<br \/>\nInterval de temperatur\u0103 de func\u021bionare a echipamentului: +5 \u00b1 +15\u00b0C \u00b0C<br \/>\nClasa de eficienta energetica: D<br \/>\nAgent frigorific: R134a \/ R290<br \/>\nTensiune nominal\u0103: 230\/50Hz<br \/>\nPutere nominala: 807 W<\/p>\n","protected":false},"excerpt":{"rendered":"<p>Vitrina frigorifica pentru patiserie. Lungime: 910 mm; \u00cen\u0103l\u021bime: 1380+\/-10 mm; Ad\u00e2ncime: 835 mm; Capacitate neta: 550 dmc; Suprafata expozitie: 1,74 m2; Interval de temperatur\u0103 de func\u021bionare a echipamentului: +5 \u00b1 +15\u00b0C \u00b0C; Clasa de eficienta energetica: D; Agent frigorific: R134a \/ R290; Tensiune nominal\u0103: 230\/50Hz; Putere nominala: 807 W.<\/p>\n","protected":false},"featured_media":39906,"template":"","meta":[],"_links":{"self":[{"href":"https:\/\/evotek.md\/ro\/wp-json\/wp\/v2\/product\/39903"}],"collection":[{"href":"https:\/\/evotek.md\/ro\/wp-json\/wp\/v2\/product"}],"about":[{"href":"https:\/\/evotek.md\/ro\/wp-json\/wp\/v2\/types\/product"}],"wp:featuredmedia":[{"embeddable":true,"href":"https:\/\/evotek.md\/ro\/wp-json\/wp\/v2\/media\/39906"}],"wp:attachment":[{"href":"https:\/\/evotek.md\/ro\/wp-json\/wp\/v2\/media?parent=39903"}],"curies":[{"name":"wp","href":"https:\/\/api.w.org\/{rel}","templated":true}]}}