{"id":39894,"date":"2024-02-08T09:15:16","date_gmt":"2024-02-08T09:15:16","guid":{"rendered":"https:\/\/evotek.md\/?post_type=product&#038;p=39894"},"modified":"2024-02-08T09:26:16","modified_gmt":"2024-02-08T09:26:16","slug":"sirman-c-tronic-9-plus","status":"publish","type":"product","link":"https:\/\/evotek.md\/ro\/produse\/echipamente-electromecanice\/cutter-profesional\/sirman-c-tronic-9-plus\/","title":{"rendered":"CUTTER 9,4 LITRI -SIRMAN-C-TRONIC 9 PLUS"},"content":{"rendered":"<p>CUTTER 9,4 LITRI -SIRMAN-C-TRONIC 9 PLUS- Cutter Sirman C-TRONIC 9 PLUS este conceput pentru tocat, batut, amestecat produse, va permite sa pregatiti rapid creme, pateuri, sosuri in cantine, restaurante, cafenele.<\/p>\n<p>Construc\u021bie durabil\u0103 din aluminiu turnat \u0219i extrudat.<br \/>\nMotorul \u0219i bolul sunt montate unul l\u00e2ng\u0103 altul, ceea ce reduce transferul de c\u0103ldur\u0103 de la motor la produsul din bol<br \/>\nC\u0103zi de baie din o\u021bel inoxidabil cu fund gros \u0219i m\u00e2nere<br \/>\nMotoare ventilate pentru func\u021bionare lung\u0103 \u0219i continu\u0103.<br \/>\nCu\u021bite din o\u021bel durabil \u0219i \u00eent\u0103rit<br \/>\nMicro\u00eentrerup\u0103tor de siguran\u021b\u0103 pe capac<br \/>\nMicro\u00eentrerup\u0103tor pe p\u00e2rghie<br \/>\nCapacul transparent Tritan faciliteaz\u0103 monitorizarea procesului.<br \/>\nOrificiu \u00een capac pentru ad\u0103ugarea ingredientelor.<br \/>\n\u00cen plus: o spatul\u0103 \u0219i o piatr\u0103 de ascu\u021bit pentru ascu\u021birea cu\u021bitelor.<br \/>\nMotor asincron puternic cu convertor de frecven\u021b\u0103 pentru controlul puterii la orice vitez\u0103.<br \/>\nViteza de rotatie pana la 3500 rpm.<br \/>\nButuc de cu\u021bit din o\u021bel inoxidabil<br \/>\nRacleta pentru curatarea vasului si a capacului in timpul functionarii.<\/p>\n<p>Caracteristici<br \/>\nCapacitate bol: 9,4 l<br \/>\nVolum util bol: 5,4 l<br \/>\nViteza de rotatie, rpm de la 600 la 3500<br \/>\nTensiune: 220 V<br \/>\nPutere: 1,1 kW<br \/>\nDimensiuni: 560x348x420 mm<br \/>\nGreutate: 52 kg<\/p>\n<p>&nbsp;<\/p>\n","protected":false},"excerpt":{"rendered":"<p>Cutter mixer cu o capacitate de 9,4 litri. Volum util bol: 5,4 l; Viteza de rotatie, rpm de la 600 la 3500; Tensiune: 220 V; Putere: 1,1 kW; Dimensiuni: 560x348x420 mm; Greutate: 52 kg.<\/p>\n","protected":false},"featured_media":39900,"template":"","meta":[],"_links":{"self":[{"href":"https:\/\/evotek.md\/ro\/wp-json\/wp\/v2\/product\/39894"}],"collection":[{"href":"https:\/\/evotek.md\/ro\/wp-json\/wp\/v2\/product"}],"about":[{"href":"https:\/\/evotek.md\/ro\/wp-json\/wp\/v2\/types\/product"}],"wp:featuredmedia":[{"embeddable":true,"href":"https:\/\/evotek.md\/ro\/wp-json\/wp\/v2\/media\/39900"}],"wp:attachment":[{"href":"https:\/\/evotek.md\/ro\/wp-json\/wp\/v2\/media?parent=39894"}],"curies":[{"name":"wp","href":"https:\/\/api.w.org\/{rel}","templated":true}]}}