{"id":39870,"date":"2024-01-22T14:03:59","date_gmt":"2024-01-22T14:03:59","guid":{"rendered":"https:\/\/evotek.md\/?post_type=product&#038;p=39870"},"modified":"2024-01-22T14:07:27","modified_gmt":"2024-01-22T14:07:27","slug":"mec-t400-dd-ps","status":"publish","type":"product","link":"https:\/\/evotek.md\/ro\/produse\/utilaje-pentru-spalare-vase\/masina-de-spalat-vase-de-tip-frontal\/mec-t400-dd-ps\/","title":{"rendered":"MASINA DE SPALAT VASE, FRONTALA -MEC-T400-DD-PS"},"content":{"rendered":"<p><strong>MASINA DE SPALAT VASE, FRONTALA -MEC-T400-DD-PS-<\/strong> Masina de spalat vase cu deschidere frontala cu dozator pentru clatitor si detergent, dotata cu pompa pentru scurgere incorporata.<\/p>\n<p>*Pentru a beneficia de garantie, acest echipament trebuie sa fie echipat cu filtru DVA.<\/p>\n<p>Caracteristici<br \/>\nCos: 400&#215;400 mm<br \/>\nTensiune: 230 V, monofazat<br \/>\nPutere: 3,18 kW<br \/>\nDimensiuni: 450x520x692 mm<br \/>\nProduc\u021bie co\u0219\/or\u0103: 1500<br \/>\nCapacitate rezervor: 3,5 litri<br \/>\nConsum de ap\u0103\/ciclu: 2,7 litri<br \/>\nCiclu: 120 de secunde<br \/>\nGreutate: 35 kg<\/p>\n","protected":false},"excerpt":{"rendered":"<p>Ma\u0219in\u0103 de sp\u0103lat vase profesional\u0103 trifazat\u0103 cu pomp\u0103 de scurgere \u00eencorporat\u0103. Cos: 400&#215;400 mm; Tensiune: 230 V, monofazat; Putere: 3,18 kW; Dimensiuni: 450x520x692 mm; Produc\u021bie co\u0219\/or\u0103: 1500; Capacitate rezervor: 3,5 litri; Consum de ap\u0103\/ciclu: 2,7 litri; Ciclu: 120 de secunde; Greutate: 35 kg.<\/p>\n<p><strong>*Recomand\u0103m instalarea adi\u021bional\u0103 a unui filtru DVA pentru o bun\u0103 func\u021bionare a ma\u0219inii de sp\u0103lat.<\/strong><\/p>\n<p>&nbsp;<\/p>\n","protected":false},"featured_media":38376,"template":"","meta":[],"_links":{"self":[{"href":"https:\/\/evotek.md\/ro\/wp-json\/wp\/v2\/product\/39870"}],"collection":[{"href":"https:\/\/evotek.md\/ro\/wp-json\/wp\/v2\/product"}],"about":[{"href":"https:\/\/evotek.md\/ro\/wp-json\/wp\/v2\/types\/product"}],"wp:featuredmedia":[{"embeddable":true,"href":"https:\/\/evotek.md\/ro\/wp-json\/wp\/v2\/media\/38376"}],"wp:attachment":[{"href":"https:\/\/evotek.md\/ro\/wp-json\/wp\/v2\/media?parent=39870"}],"curies":[{"name":"wp","href":"https:\/\/api.w.org\/{rel}","templated":true}]}}