{"id":39868,"date":"2024-01-22T11:54:13","date_gmt":"2024-01-22T11:54:13","guid":{"rendered":"https:\/\/evotek.md\/?post_type=product&#038;p=39868"},"modified":"2024-01-22T11:59:39","modified_gmt":"2024-01-22T11:59:39","slug":"emp-ha-02-y","status":"publish","type":"product","link":"https:\/\/evotek.md\/ro\/produse\/echipamente-electromecanice\/masina-pentru-indindere-aluat\/emp-ha-02-y\/","title":{"rendered":"MASINA DE INTINS ALUAT 2 RULOURI 300 mm -EMP.HA.02.Y"},"content":{"rendered":"<p><strong>MASINA DE INTINS ALUAT 2 RULOURI 300 mm -EMP.HA.02.Y &#8211;<\/strong> este conceput\u0103 pentru \u00eentinderea aluatului pentru pizza, produse de panifica\u021bie, pl\u0103cinte etc.<\/p>\n<p>Pentru formarea blatului de pizza se folosesc ma\u0219ini de turat aluat cu dou\u0103 role. Unul din role ruleaz\u0103 bucata de aluat \u00eentr-o form\u0103 de elips\u0103. Apoi blatul cade pe echilibrator \u0219i intr\u0103 \u00een a doua pereche de rulouri, care o \u00eentinde mai fin p\u00e2n\u0103 la o form\u0103 rotund\u0103. Pute\u021bi ajusta grosimea aluatului at\u00e2t pentru prima, c\u00e2t \u0219i pentru a doua trecere a aluatului. Principalul avantaj al form\u0103rii aluatului folosind masina cu doua perechi de role v\u0103 permite s\u0103 ob\u021bine\u021bi o structur\u0103 bl\u00e2nd\u0103 a crustei.<\/p>\n<p>Caracteristici<br \/>\nInstalare: de masa<br \/>\nAluat rotund<br \/>\nLatime de rulare: 300 mm<br \/>\nTensiune: 220 V<br \/>\nPutere: 0,25 kW<br \/>\nLatime: 430 mm<br \/>\nAd\u00e2ncime: 493 mm<br \/>\nInaltime: 710 mm<br \/>\nGreutate (fara ambalaj) 37 kg<\/p>\n","protected":false},"excerpt":{"rendered":"<p>Masina de de \u00eentins aluat electrica cu doua rulouri. Instalare: de masa; Aluat rotund; Latime de rulare: 300 mm; Tensiune: 220 V; Putere: 0,25 kW; Latime: 430 mm; Ad\u00e2ncime: 493 mm; Inaltime: 710 mm; Greutate (fara ambalaj) 37 kg.<\/p>\n","protected":false},"featured_media":2080,"template":"","meta":[],"_links":{"self":[{"href":"https:\/\/evotek.md\/ro\/wp-json\/wp\/v2\/product\/39868"}],"collection":[{"href":"https:\/\/evotek.md\/ro\/wp-json\/wp\/v2\/product"}],"about":[{"href":"https:\/\/evotek.md\/ro\/wp-json\/wp\/v2\/types\/product"}],"wp:featuredmedia":[{"embeddable":true,"href":"https:\/\/evotek.md\/ro\/wp-json\/wp\/v2\/media\/2080"}],"wp:attachment":[{"href":"https:\/\/evotek.md\/ro\/wp-json\/wp\/v2\/media?parent=39868"}],"curies":[{"name":"wp","href":"https:\/\/api.w.org\/{rel}","templated":true}]}}