{"id":39812,"date":"2024-01-11T12:39:13","date_gmt":"2024-01-11T12:39:13","guid":{"rendered":"https:\/\/evotek.md\/?post_type=product&#038;p=39812"},"modified":"2024-01-11T12:41:19","modified_gmt":"2024-01-11T12:41:19","slug":"tg160","status":"publish","type":"product","link":"https:\/\/evotek.md\/ro\/produse\/echipamente-termice\/cuptoare-pentru-pizza-cuptoare\/tg160\/","title":{"rendered":"CUPTOR PE GAZ+LEMNE PENTRU 10-12 PIZZA, CU VATRA FIXA \u00d8135 cm (MECANIC) -TG160"},"content":{"rendered":"<div><strong>CUPTOR PE GAZ+LEMNE PENTRU 10-12 PIZZA, CU VATRA FIXA \u00d8135 cm (MECANIC) -TG160-<\/strong> Cuptorul de pizza pe lemne si pe gaz este conceput pentru utilizare in bucatarii profesionale si in productia din industria alimentara. Placa turnant\u0103 este format\u0103 din 3 materiale diferite: 2 straturi de termoizola\u021bie \u0219i o tav\u0103 de copt de 12 cm grosime. Partea inferioar\u0103 este de 10 cm grosime \u0219i dublu izolat. Posibilitatea de a ad\u0103uga \u00eenc\u0103lzitoare suplimentare prin pardoseal\u0103 \u0219i tavan.<\/div>\n<div><\/div>\n<div>Caracteristici<\/div>\n<div>Dimensiuni exterioare: 138\/195x200x200 cm<\/div>\n<div>Op\u021biuni pentru \u00een\u0103l\u021bimea u\u0219ii cuptorului: 54 cm\/68 cm\/82 cm<\/div>\n<div>Greutate: 1650 kg<\/div>\n<div>Conexiune: 0,36 Kw, 220 V<\/div>\n","protected":false},"excerpt":{"rendered":"<p>Cuptor pentru pizza, combinat pe gaz si lemne. Dimensiuni exterioare: 138\/195x200x200 cm; Op\u021biuni pentru \u00een\u0103l\u021bimea u\u0219ii cuptorului: 54 cm\/68 cm\/82 cm; Greutate: 1650 kg; Conexiune: 0,36 Kw, 220 V.<\/p>\n","protected":false},"featured_media":39815,"template":"","meta":[],"_links":{"self":[{"href":"https:\/\/evotek.md\/ro\/wp-json\/wp\/v2\/product\/39812"}],"collection":[{"href":"https:\/\/evotek.md\/ro\/wp-json\/wp\/v2\/product"}],"about":[{"href":"https:\/\/evotek.md\/ro\/wp-json\/wp\/v2\/types\/product"}],"wp:featuredmedia":[{"embeddable":true,"href":"https:\/\/evotek.md\/ro\/wp-json\/wp\/v2\/media\/39815"}],"wp:attachment":[{"href":"https:\/\/evotek.md\/ro\/wp-json\/wp\/v2\/media?parent=39812"}],"curies":[{"name":"wp","href":"https:\/\/api.w.org\/{rel}","templated":true}]}}