{"id":39782,"date":"2024-01-10T15:46:12","date_gmt":"2024-01-10T15:50:52","guid":{"rendered":"https:\/\/evotek.md\/?post_type=product&#038;p=39782"},"modified":"2024-01-10T15:54:10","modified_gmt":"2024-01-10T15:54:10","slug":"st-486017","status":"publish","type":"product","link":"https:\/\/evotek.md\/ro\/produse\/fara-categorie\/st-486017\/","title":{"rendered":"CUTIE SERTAR PENTRU RASNITA -ST-486017"},"content":{"rendered":"<div><strong>CUTIE SERTAR PENTRU RASNITA -ST-486017<\/strong>&#8211; este u\u0219or de p\u0103strat curat, picioarele antiderapante asigur\u0103 o func\u021bionare stabil\u0103<\/div>\n<div><\/div>\n<div>Caracteristici<\/div>\n<div>Bara de protec\u021bie din cauciuc deta\u0219abil\u0103: \u00d8 35 mm<\/div>\n<div>Dimensiuni interioare ale cutiei: 235x320x70 mm<\/div>\n<div>Latime: 245 mm<\/div>\n<div>Ad\u00e2ncime: 345 mm<\/div>\n<div>Inaltime: 90 mm<\/div>\n","protected":false},"excerpt":{"rendered":"<div>Sertar cu bara pentru rasnita. Bara de protec\u021bie din cauciuc deta\u0219abil\u0103: \u00d8 35 mm; Dimensiuni interioare ale cutiei: 235x320x70 mm; Latime: 245 mm; Ad\u00e2ncime: 345 mm; Inaltime: 90 mm.<\/div>\n","protected":false},"featured_media":39781,"template":"","meta":[],"_links":{"self":[{"href":"https:\/\/evotek.md\/ro\/wp-json\/wp\/v2\/product\/39782"}],"collection":[{"href":"https:\/\/evotek.md\/ro\/wp-json\/wp\/v2\/product"}],"about":[{"href":"https:\/\/evotek.md\/ro\/wp-json\/wp\/v2\/types\/product"}],"wp:featuredmedia":[{"embeddable":true,"href":"https:\/\/evotek.md\/ro\/wp-json\/wp\/v2\/media\/39781"}],"wp:attachment":[{"href":"https:\/\/evotek.md\/ro\/wp-json\/wp\/v2\/media?parent=39782"}],"curies":[{"name":"wp","href":"https:\/\/api.w.org\/{rel}","templated":true}]}}