{"id":3977,"date":"2020-03-05T10:19:31","date_gmt":"2020-03-05T10:21:18","guid":{"rendered":"https:\/\/evotek.md\/?post_type=product&#038;p=3977"},"modified":"2023-06-30T14:33:57","modified_gmt":"2023-06-30T14:33:57","slug":"vitrina-frigorifica-150-%d1%81%d0%bc-1-3-gn-m-09400326","status":"publish","type":"product","link":"https:\/\/evotek.md\/ro\/produse\/echipamente-frigorifice\/vitrine-saladete\/vitrina-frigorifica-150-%d1%81%d0%bc-1-3-gn-m-09400326\/","title":{"rendered":"VITRINA SALADETA, GN1\/3&#215;6, 1500 \u043c\u043c -M-09400326"},"content":{"rendered":"<p><strong>VITRINA SALADETA, GN1\/3&#215;6, 1500 \u043c\u043c -M-09400326- <\/strong>Vitrin\u0103 frigorific\u0103 cu o capacitate de 6&#215;1\/3 GN sau 5&#215;1\/3+1\/2 GN \u0219i sticl\u0103 dreptunghiular\u0103. Este conceput\u0103 pentru p\u0103strarea prospe\u021bimii produselor \u0219i demonstra\u021bia lor \u00een spatiile comerciale. Vitrinele au capacitatea de a r\u0103ci produsele \u0219i de a le p\u0103stra ca \u00een starea ini\u021bial\u0103 pentru o perioad\u0103 lung\u0103 de timp. Mai mult, datorit\u0103 suprafe\u021bei mari a sticlei, ingredientele sunt bine expuse \u0219i atrag aten\u021bia cump\u0103r\u0103torilor. Facilit\u0103\u021bi: Regulator digital de temperatur\u0103; Echipat cu picioare reglabile; Rezervoare \u0219i capace exclusive standard; Carcasa \u0219i picioare sunt din inox.<\/p>\n<p>Caracteristici<\/p>\n<p>Dimensiuni: 1500x395x435 mm<\/p>\n<p>Capacitate: 6&#215;1\/3 GN \u0438\u043b\u0438 5&#215;1\/3+1\/2 GN<\/p>\n<p>Agent de r\u0103cire: R600a \/ CFC-free<\/p>\n<p>Temperatura de la 0 \u00b0 la + 10 \u00b0 C<\/p>\n<p>Izola\u021bie de protec\u021bie compact\u0103 50 mm<\/p>\n<p>Conexiune: 230 V \/ 50 Hz \/ 1 faz\u0103 200 W<\/p>\n<p>Greutate net\u0103: 31 kg<\/p>\n<p>&nbsp;<\/p>\n","protected":false},"excerpt":{"rendered":"<p>Vitrin\u0103 frigorific\u0103 cu capacitatea de 6&#215;1\/3 GN \u0438\u043b\u0438 5&#215;1\/3+1\/2 GN. Dimensiuni: 1500x395x435 mm; Capacitate: 6&#215;1\/3 GN \u0438\u043b\u0438 5&#215;1\/3+1\/2 GN; Agent de r\u0103cire: R600a \/ CFC-free; Temperatura de la 0 \u00b0 la + 10 \u00b0 C; Izola\u021bie de protec\u021bie compact\u0103 50 mm; Conexiune: 230 V \/ 50 Hz \/ 1 faz\u0103 200 W; Greutate net\u0103: 31 kg.<\/p>\n","protected":false},"featured_media":3966,"template":"","meta":[],"_links":{"self":[{"href":"https:\/\/evotek.md\/ro\/wp-json\/wp\/v2\/product\/3977"}],"collection":[{"href":"https:\/\/evotek.md\/ro\/wp-json\/wp\/v2\/product"}],"about":[{"href":"https:\/\/evotek.md\/ro\/wp-json\/wp\/v2\/types\/product"}],"wp:featuredmedia":[{"embeddable":true,"href":"https:\/\/evotek.md\/ro\/wp-json\/wp\/v2\/media\/3966"}],"wp:attachment":[{"href":"https:\/\/evotek.md\/ro\/wp-json\/wp\/v2\/media?parent=3977"}],"curies":[{"name":"wp","href":"https:\/\/api.w.org\/{rel}","templated":true}]}}