{"id":39769,"date":"2024-01-10T13:49:03","date_gmt":"2024-01-10T13:49:03","guid":{"rendered":"https:\/\/evotek.md\/?post_type=product&#038;p=39769"},"modified":"2024-01-10T13:55:07","modified_gmt":"2024-01-10T13:55:07","slug":"st-154061","status":"publish","type":"product","link":"https:\/\/evotek.md\/ro\/produse\/accesorii-si-inventar-bucatarie\/containere-gn-din-policarbonat\/container-gastronom-gn-1-1-2\/st-154061\/","title":{"rendered":"CONTAINER DIN POLICARBONAT NEGRU GN 1\/4 65 mm -ST-154061"},"content":{"rendered":"<p><strong>CONTAINER DIN POLICARBONAT NEGRU GN 1\/4 65 mm -ST-154061-<\/strong> Recipientele gastronormice din policarbonat nu absorb mirosurile. Recipientele Gastronormice sunt u\u0219or de cur\u0103\u021bat \u0219i pot fi sp\u0103late \u00een ma\u0219ina de sp\u0103lat vase. Fabricat din policarbonat negru de \u00eenalt\u0103 calitate. Acest material nu absoarbe mirosuri \u0219i gusturi, a\u0219a c\u0103 pute\u021bi depozita diferite produse \u00eentr-un singur vas f\u0103r\u0103 a absorbi arome diferite. Recipientul Gastronormic poate fi folosit la temperaturi de la -40\u2026+110 \u00b0C. Marginile rotunjite m\u0103resc siguran\u021ba \u00een utilizare \u0219i fac cur\u0103\u021barea mai u\u0219oar\u0103. Recipientul nu trebuie folosit \u00eentr-o baie cu abur sau cuptor cu abur sau.<\/p>\n<p>Caracteristici<br \/>\nLungime: 162 mm<br \/>\nLatime: 265 mm<br \/>\n\u00cen\u0103l\u021bime: 65 mm<br \/>\nCapacitate: 1700 ml<br \/>\nTemperatura: -40\u2026+110 \u00b0C<br \/>\nMaterial: policarbonat negru<br \/>\nDimensiune: GN 1\/4<\/p>\n","protected":false},"excerpt":{"rendered":"<p>Container gastronomic din policarbonat GN 1\/4 65 mm. Lungime: 162 mm; Latime: 265 mm ; \u00cen\u0103l\u021bime: 65 mm; Capacitate: 1700 ml; Temperatura: -40\u2026+110 \u00b0C; Material: policarbonat negru; Dimensiune: GN 1\/4.<\/p>\n","protected":false},"featured_media":39772,"template":"","meta":[],"_links":{"self":[{"href":"https:\/\/evotek.md\/ro\/wp-json\/wp\/v2\/product\/39769"}],"collection":[{"href":"https:\/\/evotek.md\/ro\/wp-json\/wp\/v2\/product"}],"about":[{"href":"https:\/\/evotek.md\/ro\/wp-json\/wp\/v2\/types\/product"}],"wp:featuredmedia":[{"embeddable":true,"href":"https:\/\/evotek.md\/ro\/wp-json\/wp\/v2\/media\/39772"}],"wp:attachment":[{"href":"https:\/\/evotek.md\/ro\/wp-json\/wp\/v2\/media?parent=39769"}],"curies":[{"name":"wp","href":"https:\/\/api.w.org\/{rel}","templated":true}]}}