{"id":39744,"date":"2024-01-02T09:26:29","date_gmt":"2024-01-02T09:28:38","guid":{"rendered":"https:\/\/evotek.md\/?post_type=product&#038;p=39744"},"modified":"2024-01-02T09:29:33","modified_gmt":"2024-01-02T09:29:33","slug":"sirman-20032433","status":"publish","type":"product","link":"https:\/\/evotek.md\/ro\/produse\/fara-categorie\/sirman-20032433\/","title":{"rendered":"RAZATOARE ELECTRICA PENTRU CASCAVAL, 1400 rpm -SIRMAN-20032433"},"content":{"rendered":"<p><strong>RAZATOARE ELECTRICA PENTRU CASCAVAL, 1400 rpm -SIRMAN-20032433<\/strong><\/p>\n<p>Caracteristici<br \/>\nViteza de rota\u021bie a rolei: 1400 rpm<br \/>\nDimensiuni g\u00e2t de \u00eenc\u0103rcare: 130&#215;70 mm<br \/>\nUnit\u0103\u021bi simple \u0219i compacte.<br \/>\nConstruc\u021bie din aluminiu turnat sub presiune lustruit.<br \/>\nMotor ventilat.<br \/>\nRol\u0103 de m\u0103cinat din o\u021bel tratat pentru lucrul cu produse alimentare.<br \/>\nOp\u021biune (nu este inclus\u0103 \u00een pachetul de livrare \u0219i trebuie comandat\u0103 separat)<br \/>\nRole din o\u021bel inoxidabil.<br \/>\nProducator: SIRMAN<br \/>\nTensiune: 380V<br \/>\nPutere electrica: 0,588 kW<br \/>\nLungime: 185 mm<br \/>\nLatime: 390 mm<br \/>\nInaltime: 370 mm<br \/>\nGreutate neta: 16 kg<\/p>\n","protected":false},"excerpt":{"rendered":"<p>Razatoare pentru cascaval. Viteza de rota\u021bie a rolei: 1400 rpm; Dimensiuni g\u00e2t de \u00eenc\u0103rcare: 130&#215;70 mm; Unit\u0103\u021bi simple \u0219i compacte; Construc\u021bie din aluminiu turnat sub presiune lustruit; Motor ventilat; Rol\u0103 de m\u0103cinat din o\u021bel tratat pentru lucrul cu produse alimentare; Op\u021biune (nu este inclus\u0103 \u00een pachetul de livrare \u0219i trebuie comandat\u0103 separat); Role din o\u021bel inoxidabil; Producator: SIRMAN; Tensiune: 380V; Putere electrica: 0,588 kW; Lungime: 185 mm; Latime: 390 mm; Inaltime: 370 mm; Greutate neta: 16 kg.<\/p>\n","protected":false},"featured_media":39743,"template":"","meta":[],"_links":{"self":[{"href":"https:\/\/evotek.md\/ro\/wp-json\/wp\/v2\/product\/39744"}],"collection":[{"href":"https:\/\/evotek.md\/ro\/wp-json\/wp\/v2\/product"}],"about":[{"href":"https:\/\/evotek.md\/ro\/wp-json\/wp\/v2\/types\/product"}],"wp:featuredmedia":[{"embeddable":true,"href":"https:\/\/evotek.md\/ro\/wp-json\/wp\/v2\/media\/39743"}],"wp:attachment":[{"href":"https:\/\/evotek.md\/ro\/wp-json\/wp\/v2\/media?parent=39744"}],"curies":[{"name":"wp","href":"https:\/\/api.w.org\/{rel}","templated":true}]}}