{"id":39737,"date":"2024-01-02T09:05:34","date_gmt":"2024-01-02T09:05:34","guid":{"rendered":"https:\/\/evotek.md\/?post_type=product&#038;p=39737"},"modified":"2024-01-02T09:11:01","modified_gmt":"2024-01-02T09:11:01","slug":"ef26","status":"publish","type":"product","link":"https:\/\/evotek.md\/ro\/produse\/echipamente-termice\/aparat-pentru-suberek\/ef26\/","title":{"rendered":"APARAT DUBLU PENTRU SUBEREK (CHEBUREK) 23 l &#8211; HKN-EF26"},"content":{"rendered":"<p><strong>APARAT DUBLU PENTRU SUBEREK (CHEBUREK) 23 l &#8211; HKN-EF26-<\/strong> este destinat prepar\u0103rii unei game largi de feluri de m\u00e2ncare \u00een cantit\u0103\u021bi mari de ulei sau gr\u0103simi la unit\u0103\u021bile de catering \u0219i comer\u021b. Modelul este echipat cu control al temperaturii. Carcasa este din inox.<\/p>\n<p>Caracteristici<br \/>\nMaterial carcasa: otel inoxidabil<br \/>\nTemperatura: 50-190 C\u00b0<br \/>\nVolum de umplere cu ulei: 23 l<br \/>\nDou\u0103 elemente de \u00eenc\u0103lzire independente<br \/>\nSupapa de scurgere a uleiului<br \/>\nPutere: 7,8 kW<br \/>\nTensiune: 220 V<br \/>\nLungime: 540 mm<br \/>\nLatime: 930 mm<br \/>\nInaltime: 265 mm<br \/>\nGreutate neta: 16,3 kg<\/p>\n","protected":false},"excerpt":{"rendered":"<p>Aparat pentru suberek 23 l. Material carcasa: otel inoxidabil; Temperatura: 50-190 C\u00b0; Volum de umplere cu ulei: 23 l; Dou\u0103 elemente de \u00eenc\u0103lzire independente; Supapa de scurgere a uleiului; Putere: 7,8 kW; Tensiune: 220 V; Lungime: 540 mm; Latime: 930 mm; Inaltime: 265 mm; Greutate neta: 16,3 kg.<\/p>\n","protected":false},"featured_media":39739,"template":"","meta":[],"_links":{"self":[{"href":"https:\/\/evotek.md\/ro\/wp-json\/wp\/v2\/product\/39737"}],"collection":[{"href":"https:\/\/evotek.md\/ro\/wp-json\/wp\/v2\/product"}],"about":[{"href":"https:\/\/evotek.md\/ro\/wp-json\/wp\/v2\/types\/product"}],"wp:featuredmedia":[{"embeddable":true,"href":"https:\/\/evotek.md\/ro\/wp-json\/wp\/v2\/media\/39739"}],"wp:attachment":[{"href":"https:\/\/evotek.md\/ro\/wp-json\/wp\/v2\/media?parent=39737"}],"curies":[{"name":"wp","href":"https:\/\/api.w.org\/{rel}","templated":true}]}}