{"id":39711,"date":"2023-12-22T10:42:25","date_gmt":"2023-12-22T10:42:25","guid":{"rendered":"https:\/\/evotek.md\/?post_type=product&#038;p=39711"},"modified":"2023-12-22T11:19:00","modified_gmt":"2023-12-22T11:19:00","slug":"emp-epp-gn-1-1-200","status":"publish","type":"product","link":"https:\/\/evotek.md\/ro\/produse\/accesorii-si-inventar-bucatarie\/cutii-termice-pentru-depozitare-transportare\/emp-epp-gn-1-1-200\/","title":{"rendered":"CUTIE TERMICA PENTRU DEPOZITARE SI TRANSPORTARE 1xGN1\/1, 46 LITRI -EMP.EPP.GN.1.1-200"},"content":{"rendered":"<p><strong>CUTIE TERMICA PENTRU DEPOZITARE SI TRANSPORTARE 1xGN1\/1, 46 LITRI -EMP.EPP.GN.1.1-200- <\/strong>Cutie u\u0219oar\u0103 din polipropilen\u0103 pentru transportul alimentelor \u00een recipiente GN.<\/p>\n<p>Caracteristici<br \/>\nDimensiuni interioare: 338x538x300 mm<br \/>\nDimensiuni exterioare: 400x600x360 mm<br \/>\nGrosimea materialului 3 cm<br \/>\nTemperatura de functionare de la -40\u00b0C la +120\u00b0C<br \/>\nPierderea medie de temperatur\u0103 este de 2-3\u00b0C<br \/>\nGreutate: 1,2 kg<br \/>\nVolum: 46 l<br \/>\n(Containerul GN nu este inclus)<\/p>\n","protected":false},"excerpt":{"rendered":"<p>Cutie termotransport, 1\/1 GN. Dimensiuni interioare: 338x538x300 mm; Dimensiuni exterioare: 400x600x360 mm; Grosimea materialului 3 cm; Temperatura de functionare de la -40\u00b0C la +120\u00b0C; Pierderea medie de temperatur\u0103 este de 2-3\u00b0C; Greutate: 1,2 kg; Volum: 46 l. (Containerul GN nu este inclus)<\/p>\n","protected":false},"featured_media":39714,"template":"","meta":[],"_links":{"self":[{"href":"https:\/\/evotek.md\/ro\/wp-json\/wp\/v2\/product\/39711"}],"collection":[{"href":"https:\/\/evotek.md\/ro\/wp-json\/wp\/v2\/product"}],"about":[{"href":"https:\/\/evotek.md\/ro\/wp-json\/wp\/v2\/types\/product"}],"wp:featuredmedia":[{"embeddable":true,"href":"https:\/\/evotek.md\/ro\/wp-json\/wp\/v2\/media\/39714"}],"wp:attachment":[{"href":"https:\/\/evotek.md\/ro\/wp-json\/wp\/v2\/media?parent=39711"}],"curies":[{"name":"wp","href":"https:\/\/api.w.org\/{rel}","templated":true}]}}