{"id":39702,"date":"2023-12-15T14:34:05","date_gmt":"2023-12-15T14:34:05","guid":{"rendered":"https:\/\/evotek.md\/?post_type=product&#038;p=39702"},"modified":"2023-12-15T14:38:11","modified_gmt":"2023-12-15T14:38:11","slug":"schneider-107782","status":"publish","type":"product","link":"https:\/\/evotek.md\/ro\/produse\/fara-categorie\/schneider-107782\/","title":{"rendered":"COVORAS DIN SILICON PENTRU COPTURI -SCHNEIDER-107782"},"content":{"rendered":"<p>COVORAS DIN SILICON PENTRU COPTURI -SCHNEIDER-107782<\/p>\n<p>Fabricat din p\u00e2nz\u0103 de sticl\u0103 siliconat\u0103, calitate foarte durabil\u0103, poate fi folosit la temperaturi de la 40\u00b0C p\u00e2n\u0103 la +230\u00b0C, calitate excelent\u0103 antiaderent\u0103, recomandat pentru utilizare \u00een combina\u021bie cu t\u0103vi de copt perforate.<\/p>\n<p>Caracteristici<br \/>\nUtilizare la temperaturi: 40\u00b0C p\u00e2n\u0103 la +230\u00b0C<br \/>\nRecomandat pentru utilizare \u00een combina\u021bie cu t\u0103vi de copt perforate.<br \/>\nLungime: 585 mm<br \/>\nLatime: 385 mm<\/p>\n","protected":false},"excerpt":{"rendered":"<p>Covoras din silicon pentru copturi. Utilizare la temperaturi: 40\u00b0C p\u00e2n\u0103 la +230\u00b0C; Recomandat pentru utilizare \u00een combina\u021bie cu t\u0103vi de copt perforate; Lungime: 585 mm; Latime: 385 mm<\/p>\n","protected":false},"featured_media":39704,"template":"","meta":[],"_links":{"self":[{"href":"https:\/\/evotek.md\/ro\/wp-json\/wp\/v2\/product\/39702"}],"collection":[{"href":"https:\/\/evotek.md\/ro\/wp-json\/wp\/v2\/product"}],"about":[{"href":"https:\/\/evotek.md\/ro\/wp-json\/wp\/v2\/types\/product"}],"wp:featuredmedia":[{"embeddable":true,"href":"https:\/\/evotek.md\/ro\/wp-json\/wp\/v2\/media\/39704"}],"wp:attachment":[{"href":"https:\/\/evotek.md\/ro\/wp-json\/wp\/v2\/media?parent=39702"}],"curies":[{"name":"wp","href":"https:\/\/api.w.org\/{rel}","templated":true}]}}