{"id":39685,"date":"2023-12-14T14:09:38","date_gmt":"2023-12-14T14:09:38","guid":{"rendered":"https:\/\/evotek.md\/?post_type=product&#038;p=39685"},"modified":"2023-12-14T14:19:33","modified_gmt":"2023-12-14T14:19:33","slug":"ugur-udd-660-bk","status":"publish","type":"product","link":"https:\/\/evotek.md\/ro\/produse\/echipamente-frigorifice\/lada-frigorifica-pentru-congelare\/ugur-udd-660-bk\/","title":{"rendered":"LADA FRIGORIFICA PENTRU CONGELARE, USA OARBA 567 LITRI -UGUR-UDD 660 BK"},"content":{"rendered":"<p><strong>LADA FRIGORIFICA PENTRU CONGELARE, USA OARBA 567 LITRI -UGUR-UDD 660 BK-<\/strong> Congelatorul lad\u0103 este conceput pentru congelarea \u0219i depozitarea pe termen lung a produselor \u0219i semifabricatelor la unit\u0103\u021bile de alimenta\u021bie \u0219i comer\u021b. Modelul este echipat cu un capac rabatabil, un termostat mecanic, iluminare interioara, un condensator incorporat fara intretinere si o scurgere de dezghetare.<\/p>\n<p>Particularitati:<br \/>\nTermostat reglabil<br \/>\nDesign robust al carcasei<br \/>\nU\u0219urin\u021b\u0103 \u00een utilizare \u0219i \u00eenlocuire a m\u0103rcii<br \/>\n4 roti suplimentare pentru o pozitionare usoara si flexibila<br \/>\nLampa de interior<br \/>\nCo\u0219 standard<\/p>\n<p>Caracteristici<br \/>\nClasa climatica: 4 L<br \/>\nConsum de energie: 2,49 kW\/24 ore<br \/>\nInterval de operare: -15 \/ -25 C\u00b0<br \/>\nAlimentare: 220-240\/50V\/Hz\/Faz\u0103<br \/>\nlichid de r\u0103cire: P600a<br \/>\nVolum net, brut: 553\/567 lite<br \/>\nGreutate neta, bruta: 68 \/ 73 kg<br \/>\nDimensiuni interioare (LaxAdx\u00cen): 1680x480x725 mm<br \/>\nDimensiuni exterioare (LaxAdx\u00cen): 1804x 695&#215;945 mm<br \/>\nDimensiuni exterioare in ambalaj (LaxAdx\u00cen): 1840x700x960 mm<br \/>\nNumar de cosuri: 3<br \/>\n\u021aara de origine: Turcia<\/p>\n","protected":false},"excerpt":{"rendered":"<p>Lad\u0103 frigorific\u0103 pentru congelare. Clasa climatica: 4 L; Consum de energie: 2,49 kW\/24 ore; Interval de operare: -15 \/ -25 C\u00b0; Alimentare: 220-240\/50V\/Hz\/Faz\u0103; lichid de r\u0103cire: P600a; Volum net, brut: 553\/567 litri; Greutate neta, bruta: 68 \/ 73 kg; Dimensiuni interioare (LaxAdx\u00cen): 1680x480x725 mm; Dimensiuni exterioare (LaxAdx\u00cen): 1804x 695&#215;945 mm; Dimensiuni exterioare in ambalaj (LaxAdx\u00cen): 1840x700x960 mm; Numar de cosuri: 3; \u021aara de origine: Turcia.<\/p>\n","protected":false},"featured_media":39690,"template":"","meta":[],"_links":{"self":[{"href":"https:\/\/evotek.md\/ro\/wp-json\/wp\/v2\/product\/39685"}],"collection":[{"href":"https:\/\/evotek.md\/ro\/wp-json\/wp\/v2\/product"}],"about":[{"href":"https:\/\/evotek.md\/ro\/wp-json\/wp\/v2\/types\/product"}],"wp:featuredmedia":[{"embeddable":true,"href":"https:\/\/evotek.md\/ro\/wp-json\/wp\/v2\/media\/39690"}],"wp:attachment":[{"href":"https:\/\/evotek.md\/ro\/wp-json\/wp\/v2\/media?parent=39685"}],"curies":[{"name":"wp","href":"https:\/\/api.w.org\/{rel}","templated":true}]}}