{"id":39679,"date":"2023-12-13T08:30:17","date_gmt":"2023-12-13T08:30:17","guid":{"rendered":"https:\/\/evotek.md\/?post_type=product&#038;p=39679"},"modified":"2023-12-13T11:52:09","modified_gmt":"2023-12-13T11:52:09","slug":"sirman-40073222","status":"publish","type":"product","link":"https:\/\/evotek.md\/ro\/produse\/echipamente-electromecanice\/masina-pentru-indindere-aluat\/sirman-40073222\/","title":{"rendered":"MASINA DE INTINS ALUAT 2 RULOURI 320 mm -SIRMAN-40073222"},"content":{"rendered":"<p><strong>MASINA DE INTINS ALUAT 2 RULOURI 320 mm -SIRMAN-40073222-<\/strong> Ma\u0219ina de intins aluat Sirman P-ROLL 320\/2 PLUS este utilizat\u0103 \u00een unit\u0103\u021bile de catering \u0219i comer\u021b cu am\u0103nuntul pentru \u00eentinderea aluatului \u0219i formarea buc\u0103\u021bilor de aluat utilizate pentru prepararea ulterioar\u0103 a p\u00e2inii, pizza \u0219i altor produse fainoase.<\/p>\n<p>Panou de control din o\u021bel inoxidabil cu NVR IP 67<br \/>\nTransmisie pentru sarcini grele<br \/>\nReglarea diametrului aluatului<br \/>\nRularea se face la rece pentru a nu modifica proprietatile aluatului.<br \/>\nCarcasa din otel inoxidabil AISI 304<br \/>\nM\u00e2nere din aluminiu pentru reglarea grosimii<br \/>\nR\u0103zuitoare cu rol\u0103 de sus u\u0219or de \u00eendep\u0103rtat pentru cur\u0103\u021bare<br \/>\nGhidajele arborelui superior \u0219i inferior deta\u0219abile<br \/>\nGlisor deta\u0219abil<br \/>\nConector pedal\u0103<\/p>\n<p>Caracteristici<br \/>\nTensiune: 220 V<br \/>\nPutere electrica: 0,24 kW<br \/>\nLungime: 470 mm<br \/>\nLatime: 463 mm<br \/>\nInaltime: 720 mm<br \/>\nGreutate neta: 40,5 kg<br \/>\nDimensiuni in ambalaj: 750x580x1005 mm<\/p>\n<p>&nbsp;<\/p>\n","protected":false},"excerpt":{"rendered":"<p>Ma\u0219in\u0103 profesional\u0103 pentru rulare aluatului. Tensiune: 220 V; Putere electrica: 0,24 kW; Lungime: 470 mm; Latime: 463 mm; Inaltime: 720 mm; Greutate neta: 40,5 kg; Dimensiuni in ambalaj: 750x580x1005 mm.<\/p>\n<p>&nbsp;<\/p>\n","protected":false},"featured_media":39682,"template":"","meta":[],"_links":{"self":[{"href":"https:\/\/evotek.md\/ro\/wp-json\/wp\/v2\/product\/39679"}],"collection":[{"href":"https:\/\/evotek.md\/ro\/wp-json\/wp\/v2\/product"}],"about":[{"href":"https:\/\/evotek.md\/ro\/wp-json\/wp\/v2\/types\/product"}],"wp:featuredmedia":[{"embeddable":true,"href":"https:\/\/evotek.md\/ro\/wp-json\/wp\/v2\/media\/39682"}],"wp:attachment":[{"href":"https:\/\/evotek.md\/ro\/wp-json\/wp\/v2\/media?parent=39679"}],"curies":[{"name":"wp","href":"https:\/\/api.w.org\/{rel}","templated":true}]}}