{"id":39657,"date":"2023-12-06T14:23:56","date_gmt":"2023-12-06T14:23:55","guid":{"rendered":"https:\/\/evotek.md\/?post_type=product&#038;p=39657"},"modified":"2023-12-06T14:34:36","modified_gmt":"2023-12-06T14:34:36","slug":"laspaziale-mac-65-manual","status":"publish","type":"product","link":"https:\/\/evotek.md\/ro\/produse\/echipamente-pentru-bar-si-cafea\/rasnita-de-cafea\/laspaziale-mac-65-manual\/","title":{"rendered":"RASNITA DE CAFEA 1,5 kg -LaSpaziale-Mac 65 Manual"},"content":{"rendered":"<p><strong>RASNITA DE CAFEA 1,5 kg -LaSpaziale-Mac 65 Manual-<\/strong><\/p>\n<p>Caracteristici<br \/>\nLame plate: \u00f8 64 mm<br \/>\nMotor: 1350-1550 rpm.<br \/>\nCapacitate bunc\u0103r de cereale: 1,5 kg<br \/>\nCapacitate dozator: 250 g<br \/>\nAlimentare: 220\/230 V \u2013 50\/60 Hz \u2013 350 W<br \/>\nGreutate: 14 kg<br \/>\nDimensiuni (AdxLuxIn): 270x230x615 mm<\/p>\n","protected":false},"excerpt":{"rendered":"<p>R\u00e2\u0219ni\u021b\u0103 de cafea. Lame plate: \u00f8 64 mm; Motor: 1350-1550 rpm; Capacitate bunc\u0103r de cereale: 1,5 kg, Capacitate dozator: 250 g; Alimentare: 220\/230 V \u2013 50\/60 Hz \u2013 350 W; Greutate: 14 kg; Dimensiuni (AdxLuxIn): 270x230x615 mm.<\/p>\n","protected":false},"featured_media":39660,"template":"","meta":[],"_links":{"self":[{"href":"https:\/\/evotek.md\/ro\/wp-json\/wp\/v2\/product\/39657"}],"collection":[{"href":"https:\/\/evotek.md\/ro\/wp-json\/wp\/v2\/product"}],"about":[{"href":"https:\/\/evotek.md\/ro\/wp-json\/wp\/v2\/types\/product"}],"wp:featuredmedia":[{"embeddable":true,"href":"https:\/\/evotek.md\/ro\/wp-json\/wp\/v2\/media\/39660"}],"wp:attachment":[{"href":"https:\/\/evotek.md\/ro\/wp-json\/wp\/v2\/media?parent=39657"}],"curies":[{"name":"wp","href":"https:\/\/api.w.org\/{rel}","templated":true}]}}