{"id":3962,"date":"2020-03-05T09:49:31","date_gmt":"2020-03-05T09:49:31","guid":{"rendered":"https:\/\/evotek.md\/?post_type=product&#038;p=3962"},"modified":"2021-01-25T14:51:11","modified_gmt":"2021-01-25T14:51:11","slug":"feliator-de-rosii-4-%d0%bc%d0%bc-m-09300510","status":"publish","type":"product","link":"https:\/\/evotek.md\/ro\/produse\/echipamente-electromecanice\/feliatoare-legume-si-cutite-feliatoare\/feliatoare-legume\/feliator-de-rosii-4-%d0%bc%d0%bc-m-09300510\/","title":{"rendered":"FELIATOR DE RO\u0218II 4 \u043c\u043c -M-09300510"},"content":{"rendered":"<p><strong>FELIATOR DE RO\u0218II<\/strong> <strong>4 \u043c\u043c -M-09300510- <\/strong>Este un instrument de buc\u0103t\u0103rie cu o construc\u021bie robust\u0103 \u0219i lame din inox \u00eent\u0103rite. Cu acest dispozitiv pute\u021bi t\u0103ia felii perfecte de 4 mm grosime \u00eentr-o singur\u0103 mi\u0219care. Aparatul este ideal \u0219i pentru unit\u0103\u021bile alimentare mici \u0219i mari. Feliatorul este foarte convenabil de utilizat \u0219i de cur\u0103\u021bat. El este folosit numai pentru ro\u0219ii \u0219i legume moi. De asemenea, potrivit pentru l\u0103m\u00e2i.<\/p>\n<p>Caracteristici<\/p>\n<p>Dimensiuni: 260x485x355 mm<\/p>\n<p>Taie perfect feliile de 4 mm<\/p>\n<p>\u00cemping\u0103tor puternic \u0219i confortabil<\/p>\n<p>Bloc de cu\u021bite demontabil<\/p>\n<p>Cu m\u00e2ner pentru a mi\u0219ca<\/p>\n<p>Greutate net\u0103: 5 kg<\/p>\n<p>&nbsp;<\/p>\n","protected":false},"excerpt":{"rendered":"<p>Feliator de rosii 4 mm. Dimensiuni: 260x485x355 mm; Taie perfect feliile de 4 mm; \u00cemping\u0103tor puternic \u0219i confortabil; Bloc de cu\u021bite demontabil; Cu m\u00e2ner pentru a mi\u0219ca; Greutate net\u0103: 5 kg.<\/p>\n","protected":false},"featured_media":3961,"template":"","meta":[],"_links":{"self":[{"href":"https:\/\/evotek.md\/ro\/wp-json\/wp\/v2\/product\/3962"}],"collection":[{"href":"https:\/\/evotek.md\/ro\/wp-json\/wp\/v2\/product"}],"about":[{"href":"https:\/\/evotek.md\/ro\/wp-json\/wp\/v2\/types\/product"}],"wp:featuredmedia":[{"embeddable":true,"href":"https:\/\/evotek.md\/ro\/wp-json\/wp\/v2\/media\/3961"}],"wp:attachment":[{"href":"https:\/\/evotek.md\/ro\/wp-json\/wp\/v2\/media?parent=3962"}],"curies":[{"name":"wp","href":"https:\/\/api.w.org\/{rel}","templated":true}]}}