{"id":39582,"date":"2023-12-05T14:01:33","date_gmt":"2023-12-05T14:01:32","guid":{"rendered":"https:\/\/evotek.md\/?post_type=product&#038;p=39582"},"modified":"2023-12-05T14:02:09","modified_gmt":"2023-12-05T14:02:09","slug":"sc49020n","status":"publish","type":"product","link":"https:\/\/evotek.md\/ro\/produse\/accesorii-si-inventar-bucatarie\/cutite-bucatarie\/sc49020n\/","title":{"rendered":"CUTIT PENTRU BUCATAR, MARO 20 cm Sanelli-SC49020N"},"content":{"rendered":"<p><strong>CUTIT PENTRU BUCATAR, MARO 20 cm Sanelli-SC49020N-<\/strong> Conceput\u0103 special pentru profesioni\u0219ti, linia Supra Colore ajut\u0103 la reducerea riscului de contaminare prin utilizarea unui sistem de codificare a culorilor care atribuie o sarcin\u0103 specific\u0103 fiec\u0103rui cu\u021bit, astfel \u00eenc\u00e2t s\u0103 poat\u0103 fi identificate cu u\u0219urin\u021b\u0103 diferite zone ale proces\u0103rii alimentelor. Implementarea acestui sistem v\u0103 ofer\u0103 o cre\u0219tere semnificativ\u0103 a siguran\u021bei alimentelor \u00een acela\u0219i timp, este un r\u0103spuns simplu la reglement\u0103rile HACCP privind igiena alimentelor, pentru o protec\u021bie \u0219i mai mare a consumatorilor.<\/p>\n<p>Caracteristici<br \/>\nLungime: 20 cm<br \/>\nMaterial: inox<br \/>\nCuloare: maro<\/p>\n<p>&nbsp;<\/p>\n","protected":false},"excerpt":{"rendered":"<p>Cu\u021bit pentru buc\u0103tar. Lungime: 20 cm; Material: inox; Culoare: maro.<\/p>\n","protected":false},"featured_media":39585,"template":"","meta":[],"_links":{"self":[{"href":"https:\/\/evotek.md\/ro\/wp-json\/wp\/v2\/product\/39582"}],"collection":[{"href":"https:\/\/evotek.md\/ro\/wp-json\/wp\/v2\/product"}],"about":[{"href":"https:\/\/evotek.md\/ro\/wp-json\/wp\/v2\/types\/product"}],"wp:featuredmedia":[{"embeddable":true,"href":"https:\/\/evotek.md\/ro\/wp-json\/wp\/v2\/media\/39585"}],"wp:attachment":[{"href":"https:\/\/evotek.md\/ro\/wp-json\/wp\/v2\/media?parent=39582"}],"curies":[{"name":"wp","href":"https:\/\/api.w.org\/{rel}","templated":true}]}}